{"id":434,"date":"2025-02-23T15:36:11","date_gmt":"2025-02-23T14:36:11","guid":{"rendered":"https:\/\/www.labellavista.eu\/?page_id=434"},"modified":"2025-02-26T07:21:43","modified_gmt":"2025-02-26T06:21:43","slug":"condizioni-generali-di-contratto","status":"publish","type":"page","link":"https:\/\/www.labellavista.eu\/it\/splosni-pogoji\/","title":{"rendered":"Condizioni generali di contratto"},"content":{"rendered":"<h3 class=\"wp-block-heading has-palette-color-1-color has-text-color has-link-color wp-elements-63eccdfcd450a3b87094136632a90ab7\">Termini e condizioni generali di acquisto sul sito WWW.LABELLAVISTA.EU<\/h3>\n\n\n\n<h3 class=\"wp-block-heading has-palette-color-1-color has-text-color has-link-color wp-elements-8a9ae44acd79de35cf6d5b907ed3a548\">PREZZO<\/h3>\n\n\n\n<p>Il prezzo si basa sulla vostra richiesta, sul numero di notti, sul numero di persone, sull'appartamento e sulle date. Il prezzo finale verr\u00e0 inviato per e-mail insieme alla lettera di prenotazione.<\/p>\n\n\n\n<h3 class=\"wp-block-heading has-palette-color-1-color has-text-color has-link-color wp-elements-79602559f123d54c39cd577f4bcceac0\">LA PROCEDURA DI ACCETTAZIONE DELLE PRENOTAZIONI E LE MODALIT\u00c0 DI PAGAMENTO<\/h3>\n\n\n\n<p>Se decidete di prenotare e vi confermiamo che c'\u00e8 disponibilit\u00e0, dovrete versare un acconto del 30% per confermare la prenotazione al TRR che vi forniremo.<\/p>\n\n\n\n<h3 class=\"wp-block-heading has-palette-color-1-color has-text-color has-link-color wp-elements-15449e39770eb33787a4c803cce86399\">PROTEZIONE DEI DATI PERSONALI<\/h3>\n\n\n\n<p>Il gestore del sito LaBellaVista.eu si impegna a rispettare le disposizioni della Legge sulla protezione dei dati personali e della Legge sulla protezione dei consumatori. I dati personali ottenuti dai clienti sul sito LaBellaVista.eu sono protetti e non saranno divulgati a terzi senza il loro consenso scritto.<\/p>\n\n\n\n<p>Il Responsabile del sito web di LaBellaVista.eu si riserva il diritto di stabilire un contatto commerciale per risolvere eventuali ambiguit\u00e0 nella verifica dei dati o dell'ordine o per risolvere eventuali disaccordi.<\/p>\n\n\n\n<h3 class=\"wp-block-heading has-palette-color-1-color has-text-color has-link-color wp-elements-e8422f25633624a069e331dcf29b4bba\">INFORMAZIONE<\/h3>\n\n\n\n<p>Per ulteriori informazioni, contattateci all'indirizzo&nbsp;<strong><a href=\"\/it\/&\/#109;&#x61;i&#x6c;t&#111;&#x3a;&#105;&#x6e;f&#111;&#x40;&#108;&#x61;b&#x65;&#x6c;&#108;&#x61;v&#x69;s&#116;&#x61;&#46;&#x65;u\">i&#110;&#102;&#x6f;&#x40;&#x6c;&#x61;b&#101;&#108;&#108;&#x61;&#x76;&#x69;st&#97;&#46;&#x65;&#x75;<\/a>,<\/strong>&nbsp;dove saremo lieti di aiutarvi e rispondere alle vostre domande, suggerimenti e richieste.<\/p>\n\n\n\n<h3 class=\"wp-block-heading has-palette-color-1-color has-text-color has-link-color wp-elements-6f6b255a0369a0c24b803efbde61bae8\">RISOLUZIONE EXTRAGIUDIZIALE DELLE CONTROVERSIE DEI CONSUMATORI<\/h3>\n\n\n\n<p>In conformit\u00e0 alle norme giuridiche, non riconosciamo alcun fornitore di servizi di risoluzione extragiudiziale delle controversie in materia di consumo come competente per la risoluzione di una controversia in materia di consumo che un consumatore pu\u00f2 presentare ai sensi della legge sulla risoluzione extragiudiziale delle controversie in materia di consumo.<\/p>\n\n\n\n<p>LaBellaVista.eu, in qualit\u00e0 di fornitore di beni e servizi per il commercio online in Slovenia, pubblica sul proprio sito web un link elettronico alla piattaforma di risoluzione delle controversie online dei consumatori (ODRP). La piattaforma \u00e8 a disposizione dei consumatori al seguente link<strong>&nbsp;<a href=\"https:\/\/webgate.ec.europa.eu\/odr\/main\/index.cfm?event=main.home.show&amp;lng=SL\">QUI<\/a><\/strong>.<\/p>\n\n\n\n<p>Queste regole si basano sulla legge sulla risoluzione extragiudiziale delle controversie dei consumatori, sul regolamento (UE) n. 524\/2013 del Parlamento europeo e del Consiglio relativo alla risoluzione delle controversie online dei consumatori e che modifica il regolamento (CE) n. 2016\/2004 e la direttiva 2009\/22\/CE.<\/p>\n\n\n\n<h3 class=\"wp-block-heading has-palette-color-1-color has-text-color has-link-color wp-elements-f6f177ccf729e0372a15ee666f7527b1\">DISPOSIZIONI FINALI<\/h3>\n\n\n\n<p>L'utente conferma di essere a conoscenza delle condizioni generali del sito LaBellaVista.eu e di accettarle.<\/p>\n\n\n\n<p>In caso di controversie, entrambe le parti si impegnano a risolverle in via amichevole. Qualora non sia possibile raggiungere un accordo reciproco, sar\u00e0 competente il tribunale competente.<\/p>\n\n\n\n<p>Ci riserviamo il diritto di modificare i prezzi senza preavviso.<\/p>\n\n\n\n<p><strong>Matja\u017e Mlinar<\/strong><\/p>","protected":false},"excerpt":{"rendered":"<p>Splo\u0161ni pogoji nakupa na spletni strani WWW.LABELLAVISTA.EU CENA Cena se dolo\u010di na podlagi va\u0161ega povpra\u0161evanja, glede na \u0161tevilo no\u010ditev, \u0161tevilo oseb, apartmaja in termina. Kon\u010dna cena se po\u0161lje po e-po\u0161ti z dopisom za rezervacijo. POSTOPEK SPREJEMA REZERVACIJ IN NA\u010cINI PLA\u010cILA V kolikor se odlo\u010dite za rezervacijo in vam potrdimo, da je prost termin, se za [&hellip;]<\/p>\n","protected":false},"author":1,"featured_media":0,"parent":0,"menu_order":0,"comment_status":"closed","ping_status":"closed","template":"","meta":{"_kad_blocks_custom_css":"","_kad_blocks_head_custom_js":"","_kad_blocks_body_custom_js":"","_kad_blocks_footer_custom_js":"","_kadence_starter_templates_imported_post":false,"footnotes":""},"class_list":["post-434","page","type-page","status-publish","hentry"],"blocksy_meta":[],"yoast_head":"<!-- This site is optimized with the Yoast SEO plugin v27.4 - https:\/\/yoast.com\/product\/yoast-seo-wordpress\/ -->\n<title>Splo\u0161ni pogoji - La Bella Vista<\/title>\n<meta name=\"robots\" content=\"index, follow, max-snippet:-1, max-image-preview:large, max-video-preview:-1\" \/>\n<link rel=\"canonical\" href=\"https:\/\/www.labellavista.eu\/it\/condizioni-generali-di-contratto\/\" \/>\n<meta property=\"og:locale\" content=\"it_IT\" \/>\n<meta property=\"og:type\" content=\"article\" \/>\n<meta property=\"og:title\" content=\"Splo\u0161ni pogoji - La Bella Vista\" \/>\n<meta property=\"og:description\" content=\"Splo\u0161ni pogoji nakupa na spletni strani WWW.LABELLAVISTA.EU CENA Cena se dolo\u010di na podlagi va\u0161ega povpra\u0161evanja, glede na \u0161tevilo no\u010ditev, \u0161tevilo oseb, apartmaja in termina. Kon\u010dna cena se po\u0161lje po e-po\u0161ti z dopisom za rezervacijo. POSTOPEK SPREJEMA REZERVACIJ IN NA\u010cINI PLA\u010cILA V kolikor se odlo\u010dite za rezervacijo in vam potrdimo, da je prost termin, se za [&hellip;]\" \/>\n<meta property=\"og:url\" content=\"https:\/\/www.labellavista.eu\/it\/condizioni-generali-di-contratto\/\" \/>\n<meta property=\"og:site_name\" content=\"La Bella Vista\" \/>\n<meta property=\"article:modified_time\" content=\"2025-02-26T06:21:43+00:00\" \/>\n<meta property=\"og:image\" content=\"https:\/\/www.labellavista.eu\/wp-content\/uploads\/2025\/02\/la-bella-vista-naslovna.jpg\" \/>\n\t<meta property=\"og:image:width\" content=\"1920\" \/>\n\t<meta property=\"og:image:height\" content=\"1223\" \/>\n\t<meta property=\"og:image:type\" content=\"image\/jpeg\" \/>\n<meta name=\"twitter:card\" content=\"summary_large_image\" \/>\n<meta name=\"twitter:label1\" content=\"Tempo di lettura stimato\" \/>\n\t<meta name=\"twitter:data1\" content=\"2 minuti\" \/>\n<script type=\"application\/ld+json\" class=\"yoast-schema-graph\">{\"@context\":\"https:\\\/\\\/schema.org\",\"@graph\":[{\"@type\":\"WebPage\",\"@id\":\"https:\\\/\\\/www.labellavista.eu\\\/splosni-pogoji\\\/\",\"url\":\"https:\\\/\\\/www.labellavista.eu\\\/splosni-pogoji\\\/\",\"name\":\"Splo\u0161ni pogoji - La Bella Vista\",\"isPartOf\":{\"@id\":\"https:\\\/\\\/www.labellavista.eu\\\/#website\"},\"datePublished\":\"2025-02-23T14:36:11+00:00\",\"dateModified\":\"2025-02-26T06:21:43+00:00\",\"breadcrumb\":{\"@id\":\"https:\\\/\\\/www.labellavista.eu\\\/splosni-pogoji\\\/#breadcrumb\"},\"inLanguage\":\"it-IT\",\"potentialAction\":[{\"@type\":\"ReadAction\",\"target\":[\"https:\\\/\\\/www.labellavista.eu\\\/splosni-pogoji\\\/\"]}]},{\"@type\":\"BreadcrumbList\",\"@id\":\"https:\\\/\\\/www.labellavista.eu\\\/splosni-pogoji\\\/#breadcrumb\",\"itemListElement\":[{\"@type\":\"ListItem\",\"position\":1,\"name\":\"Home\",\"item\":\"https:\\\/\\\/www.labellavista.eu\\\/\"},{\"@type\":\"ListItem\",\"position\":2,\"name\":\"Splo\u0161ni pogoji\"}]},{\"@type\":\"WebSite\",\"@id\":\"https:\\\/\\\/www.labellavista.eu\\\/#website\",\"url\":\"https:\\\/\\\/www.labellavista.eu\\\/\",\"name\":\"La Bella Vista Apartmaji\",\"description\":\"Apartmaji z morskim razgledom nad Izolo\",\"publisher\":{\"@id\":\"https:\\\/\\\/www.labellavista.eu\\\/#organization\"},\"potentialAction\":[{\"@type\":\"SearchAction\",\"target\":{\"@type\":\"EntryPoint\",\"urlTemplate\":\"https:\\\/\\\/www.labellavista.eu\\\/?s={search_term_string}\"},\"query-input\":{\"@type\":\"PropertyValueSpecification\",\"valueRequired\":true,\"valueName\":\"search_term_string\"}}],\"inLanguage\":\"it-IT\"},{\"@type\":\"Organization\",\"@id\":\"https:\\\/\\\/www.labellavista.eu\\\/#organization\",\"name\":\"La Bella Vista Apartmaji\",\"url\":\"https:\\\/\\\/www.labellavista.eu\\\/\",\"logo\":{\"@type\":\"ImageObject\",\"inLanguage\":\"it-IT\",\"@id\":\"https:\\\/\\\/www.labellavista.eu\\\/#\\\/schema\\\/logo\\\/image\\\/\",\"url\":\"https:\\\/\\\/www.labellavista.eu\\\/wp-content\\\/uploads\\\/2025\\\/02\\\/logo-la-bella-vista-fav.jpg\",\"contentUrl\":\"https:\\\/\\\/www.labellavista.eu\\\/wp-content\\\/uploads\\\/2025\\\/02\\\/logo-la-bella-vista-fav.jpg\",\"width\":512,\"height\":512,\"caption\":\"La Bella Vista Apartmaji\"},\"image\":{\"@id\":\"https:\\\/\\\/www.labellavista.eu\\\/#\\\/schema\\\/logo\\\/image\\\/\"}}]}<\/script>\n<!-- \/ Yoast SEO plugin. -->","yoast_head_json":{"title":"Condizioni generali di contratto - La Bella Vista","robots":{"index":"index","follow":"follow","max-snippet":"max-snippet:-1","max-image-preview":"max-image-preview:large","max-video-preview":"max-video-preview:-1"},"canonical":"https:\/\/www.labellavista.eu\/it\/condizioni-generali-di-contratto\/","og_locale":"it_IT","og_type":"article","og_title":"Splo\u0161ni pogoji - La Bella Vista","og_description":"Splo\u0161ni pogoji nakupa na spletni strani WWW.LABELLAVISTA.EU CENA Cena se dolo\u010di na podlagi va\u0161ega povpra\u0161evanja, glede na \u0161tevilo no\u010ditev, \u0161tevilo oseb, apartmaja in termina. Kon\u010dna cena se po\u0161lje po e-po\u0161ti z dopisom za rezervacijo. POSTOPEK SPREJEMA REZERVACIJ IN NA\u010cINI PLA\u010cILA V kolikor se odlo\u010dite za rezervacijo in vam potrdimo, da je prost termin, se za [&hellip;]","og_url":"https:\/\/www.labellavista.eu\/it\/condizioni-generali-di-contratto\/","og_site_name":"La Bella Vista","article_modified_time":"2025-02-26T06:21:43+00:00","og_image":[{"width":1920,"height":1223,"url":"https:\/\/www.labellavista.eu\/wp-content\/uploads\/2025\/02\/la-bella-vista-naslovna.jpg","type":"image\/jpeg"}],"twitter_card":"summary_large_image","twitter_misc":{"Tempo di lettura stimato":"2 minuti"},"schema":{"@context":"https:\/\/schema.org","@graph":[{"@type":"WebPage","@id":"https:\/\/www.labellavista.eu\/splosni-pogoji\/","url":"https:\/\/www.labellavista.eu\/splosni-pogoji\/","name":"Condizioni generali di contratto - La Bella Vista","isPartOf":{"@id":"https:\/\/www.labellavista.eu\/#website"},"datePublished":"2025-02-23T14:36:11+00:00","dateModified":"2025-02-26T06:21:43+00:00","breadcrumb":{"@id":"https:\/\/www.labellavista.eu\/splosni-pogoji\/#breadcrumb"},"inLanguage":"it-IT","potentialAction":[{"@type":"ReadAction","target":["https:\/\/www.labellavista.eu\/splosni-pogoji\/"]}]},{"@type":"BreadcrumbList","@id":"https:\/\/www.labellavista.eu\/splosni-pogoji\/#breadcrumb","itemListElement":[{"@type":"ListItem","position":1,"name":"Home","item":"https:\/\/www.labellavista.eu\/"},{"@type":"ListItem","position":2,"name":"Splo\u0161ni pogoji"}]},{"@type":"WebSite","@id":"https:\/\/www.labellavista.eu\/#website","url":"https:\/\/www.labellavista.eu\/","name":"La Bella Vista Appartamenti","description":"Apartmaji z morskim razgledom nad Izolo","publisher":{"@id":"https:\/\/www.labellavista.eu\/#organization"},"potentialAction":[{"@type":"SearchAction","target":{"@type":"EntryPoint","urlTemplate":"https:\/\/www.labellavista.eu\/?s={search_term_string}"},"query-input":{"@type":"PropertyValueSpecification","valueRequired":true,"valueName":"search_term_string"}}],"inLanguage":"it-IT"},{"@type":"Organization","@id":"https:\/\/www.labellavista.eu\/#organization","name":"La Bella Vista Appartamenti","url":"https:\/\/www.labellavista.eu\/","logo":{"@type":"ImageObject","inLanguage":"it-IT","@id":"https:\/\/www.labellavista.eu\/#\/schema\/logo\/image\/","url":"https:\/\/www.labellavista.eu\/wp-content\/uploads\/2025\/02\/logo-la-bella-vista-fav.jpg","contentUrl":"https:\/\/www.labellavista.eu\/wp-content\/uploads\/2025\/02\/logo-la-bella-vista-fav.jpg","width":512,"height":512,"caption":"La Bella Vista Apartmaji"},"image":{"@id":"https:\/\/www.labellavista.eu\/#\/schema\/logo\/image\/"}}]}},"taxonomy_info":[],"featured_image_src_large":false,"author_info":{"display_name":"La Bella Vista","author_link":"https:\/\/www.labellavista.eu\/it\/author\/op8r4t8r-w8b-mst8r\/"},"comment_info":"","_links":{"self":[{"href":"https:\/\/www.labellavista.eu\/it\/wp-json\/wp\/v2\/pages\/434","targetHints":{"allow":["GET"]}}],"collection":[{"href":"https:\/\/www.labellavista.eu\/it\/wp-json\/wp\/v2\/pages"}],"about":[{"href":"https:\/\/www.labellavista.eu\/it\/wp-json\/wp\/v2\/types\/page"}],"author":[{"embeddable":true,"href":"https:\/\/www.labellavista.eu\/it\/wp-json\/wp\/v2\/users\/1"}],"replies":[{"embeddable":true,"href":"https:\/\/www.labellavista.eu\/it\/wp-json\/wp\/v2\/comments?post=434"}],"version-history":[{"count":4,"href":"https:\/\/www.labellavista.eu\/it\/wp-json\/wp\/v2\/pages\/434\/revisions"}],"predecessor-version":[{"id":640,"href":"https:\/\/www.labellavista.eu\/it\/wp-json\/wp\/v2\/pages\/434\/revisions\/640"}],"wp:attachment":[{"href":"https:\/\/www.labellavista.eu\/it\/wp-json\/wp\/v2\/media?parent=434"}],"curies":[{"name":"wp","href":"https:\/\/api.w.org\/{rel}","templated":true}]}}