{"id":183,"date":"2025-02-21T13:16:12","date_gmt":"2025-02-21T12:16:12","guid":{"rendered":"https:\/\/www.labellavista.eu\/?page_id=183"},"modified":"2025-02-26T08:13:51","modified_gmt":"2025-02-26T07:13:51","slug":"politica-della-privacy","status":"publish","type":"page","link":"https:\/\/www.labellavista.eu\/it\/politika-zasebnosti\/","title":{"rendered":"Politica della privacy"},"content":{"rendered":"<p>Sito web&nbsp;<a href=\"https:\/\/www.labellavista.eu\/it\/\">www.labellavista.eu<\/a>&nbsp;\u00e8 di propriet\u00e0 di <strong>Matja\u017e Mlinar<\/strong>. Il proprietario del sito si impegna a rispettare il diritto alla privacy dell'utente e a conformarsi alle leggi vigenti in materia di privacy e protezione dei dati personali.<\/p>\n\n\n\n<p>Matja\u017e Mlinar agisce in conformit\u00e0 alla legge sulla protezione dei dati personali (ZVOP-1, Gazzetta ufficiale della Repubblica di Slovenia, n. 94\/2007) e al Regolamento generale dell'UE sulla protezione dei dati (Regolamento (UE) 2016\/679).<\/p>\n\n\n\n<p><strong>La presente Informativa sulla privacy si applica al visitatore del sito web quando lo visita per la prima volta e in tutte le visite successive. Utilizzando il sito web, il visitatore riconosce di accettare e acconsentire a tutte le disposizioni della presente informativa. L'Informativa sulla privacy pu\u00f2 essere modificata o emendata in qualsiasi momento, senza preavviso o avviso. Utilizzando il sito web dopo una modifica della presente informativa, l'utente conferma di accettare le modifiche.<\/strong><\/p>\n\n\n\n<p>Matja\u017e Mlinar si impegna a proteggere la riservatezza dei dati personali e la privacy dei visitatori o degli utenti del sito web e a prendere tutte le misure necessarie per proteggerli da qualsiasi violazione o abuso.<\/p>\n\n\n\n<h4 class=\"wp-block-heading\">IL TRATTAMENTO DEI DATI PERSONALI<\/h4>\n\n\n\n<p>Matja\u017e Mlinar tratta i dati personali sulla base del consenso personale dell'individuo o sulla base della legge.<\/p>\n\n\n\n<p>Ogni visitatore del sito web&nbsp;<a href=\"https:\/\/www.labellavista.eu\/it\/\">www.labellavista.eu<\/a>, chi inserisce dati personali sul nostro sito web d\u00e0 anche un consenso personale attivo al trattamento dei dati personali sulla base del modulo di contatto.<\/p>\n\n\n\n<p><strong><em>Matja\u017e Mlinar raccoglie informazioni sugli utenti attraverso il sito web&nbsp;<a href=\"https:\/\/www.labellavista.eu\/it\/\">www.labellavista.eu<\/a><\/em> <em>le seguenti informazioni:<\/em><\/strong><\/p>\n\n\n\n<ul class=\"wp-block-list\">\n<li><strong>Modulo di contatto:<\/strong>&nbsp;Nome e cognome, telefono, indirizzo e-mail.<\/li>\n\n\n\n<li><strong>Richiesta: <\/strong>Nome e cognome, indirizzo e-mail.<\/li>\n\n\n\n<li><strong>Altre informazioni<\/strong>, che l'utente fornisce volontariamente.<\/li>\n<\/ul>\n\n\n\n<p>Facendo clic su \u201cAccetto l'informativa sulla privacy\u201d, il visitatore del sito conferma di essere stato debitamente informato dell'ambito e delle finalit\u00e0 del trattamento dei dati personali prima di inviare il modulo online (cfr. paragrafo precedente).<\/p>\n\n\n\n<p>Il proprietario del sito web elabora gli indirizzi IP dei dispositivi attraverso i quali gli utenti accedono al sito web al fine di prevenire futuri abusi attraverso i moduli di contatto (spam).<\/p>\n\n\n\n<p>Il sito web utilizza i \u201ccookie\u201d (<a href=\"https:\/\/www.labellavista.eu\/it\/biscotti\/\"><strong>per saperne di pi\u00f9<\/strong><\/a>), ma questo non identifica i visitatori del sito web, il che significa che non \u00e8 possibile determinare il nome e il cognome e altri dati identificativi dell'utente sulla base dei soli dati raccolti in questo modo.<\/p>\n\n\n\n<p>Matja\u017e Mlinar si impegna inoltre a non fornire in nessun caso, senza espressa autorizzazione, dati personali o di altro tipo a terzi o a consentire a terzi di accedere ai dati personali di un visitatore o utente del sito web, a meno che non gli venga richiesto da un'autorit\u00e0 governativa, dalla legge, da un tribunale o da un'altra autorit\u00e0 governativa.<\/p>\n\n\n\n<h4 class=\"wp-block-heading\">MODULO DI CONTATTO<\/h4>\n\n\n\n<p>Quando ci contattate via e-mail o tramite il modulo di contatto, memorizziamo le informazioni che ci fornite (il vostro indirizzo e-mail, il vostro nome, il vostro numero di telefono e il motivo o il commento per cui vi contattiamo) in modo da poter rispondere alla vostra richiesta. La base giuridica \u00e8 il vostro consenso ai sensi della lettera a della prima frase dell'articolo 6, paragrafo 1, del GDPR. Questi dati vengono utilizzati solo per l'elaborazione della questione.<\/p>\n\n\n\n<h4 class=\"wp-block-heading\">ANALISI E STATISTICHE ONLINE<\/h4>\n\n\n\n<p>Utilizziamo vari servizi che utilizzano parzialmente cookie e altre tecnologie per analizzare l'utilizzo del nostro sito Web e ottimizzarlo. Se non si acconsente all'utilizzo di questi servizi, \u00e8 possibile opporsi a questo trattamento dei dati o impostare la prevenzione della memorizzazione dei cookie nel proprio browser. Per i singoli servizi, \u00e8 possibile specificare come \u00e8 possibile opporsi. Con l'obiezione, i singoli fornitori non elaborano pi\u00f9 i tuoi dati ai fini dell'analisi online.<\/p>\n\n\n\n<p>Questo sito web utilizza Google Analytics, il servizio di analisi online di google inc. (\"Google\"). Google Analytics utilizza i cosiddetti \"cookie\", file di testo che vengono memorizzati sul tuo computer e ti consentono di analizzare il tuo utilizzo del sito web. Di norma, le informazioni generate dai cookie sull'utilizzo di questo sito Web vengono trasferite e memorizzate su un server di Google negli Stati Uniti.<\/p>\n\n\n\n<p>Tuttavia, se attivi l'anonimizzazione ip su questo sito web, Google accorcer\u00e0 il tuo indirizzo IP negli Stati membri dell'Unione Europea o in altri Stati parti dell'Accordo sullo Spazio Economico Europeo. Solo in casi eccezionali l'intero indirizzo IP viene trasferito al server di Google negli Stati Uniti e l\u00ec abbreviato. Sotto l'autorit\u00e0 del gestore di questo sito web, Google utilizzer\u00e0 queste informazioni per analizzare il vostro utilizzo del sito web, per preparare rapporti di attivit\u00e0 sul sito web e per fornire altri servizi al gestore del sito web relativi all'uso di Internet.<\/p>\n\n\n\n<p>L'indirizzo IP fornito dal server in Google Analytics non si fonde con altri dati di Google.<\/p>\n\n\n\n<p>\u00c8 possibile impedire la memorizzazione dei cookie configurando di conseguenza il software del server; Si prega di notare, tuttavia, che in questo caso potrebbe non essere possibile utilizzare appieno tutte le funzionalit\u00e0 di questo sito Web. Inoltre, potete impedire a Google di registrare ed elaborare i dati generati dal cookie relativi al vostro utilizzo del sito web (compreso il vostro indirizzo IP) caricando e installando il plug-in del browser disponibile al seguente link: https:\/\/support.google.com\/analytics\/answer\/181881?hl=sl.<\/p>\n\n\n\n<p>Questa pagina web utilizza Google Analytics con l'estensione \"_anonymizeIp(). Pertanto, gli indirizzi IP abbreviati vengono elaborati di seguito, escludendo cos\u00ec l'identificazione dell'individuo. Pertanto, se le informazioni ottenute su di te fossero possibili, l'individuo verrebbe escluso immediatamente e i dati personali vengono quindi cancellati immediatamente.<\/p>\n\n\n\n<p>Utilizziamo Google Analytics per analizzare l'utilizzo del nostro sito web e migliorarlo regolarmente. Con l'aiuto delle statistiche ottenute possiamo migliorare la nostra offerta e progettarla per essere di interesse per te come utente. In casi eccezionali in cui i dati personali vengono trasmessi negli Stati Uniti, Google \u00e8 soggetta allo scudo UE-USA per la privacy (scudo UE-USA per la privacy) https:\/\/www.privacyshield.gov\/EU-US-Framework. La base giuridica per l'utilizzo di Google Analytics \u00e8 la lettera f della prima frase dell'articolo 6, primo comma, del GDPR.<\/p>\n\n\n\n<p>Informazioni di terze parti: Google Dublin, Google Ireland Ltd., Gordon House, Barrow Street, Dublino 4, Irlanda, fax: +353 (1) 436 1001. Condizioni per l'utente: https:\/\/policies.google.com\/terms?hl=sl&amp;gl=sl Revisione della protezione dei dati: http:\/\/www.google.com\/intl\/de\/analytics\/learn\/privacy.html e Informativa sulla privacy: https:\/\/policies.google.com\/privacy?hl=sl&amp;gl=sl.<\/p>\n\n\n\n<h4 class=\"wp-block-heading\">PROTEZIONE DEI DATI<\/h4>\n\n\n\n<p>Matja\u017e Mlinar utilizza mezzi informativi e organizzativi adeguati per proteggere la trasmissione e l'archiviazione dei dati personali e garantisce la protezione in conformit\u00e0 alla legge sulla protezione dei dati personali (ZVOP-1, Gazzetta ufficiale della RS, n. 94\/2007) e al Regolamento generale sulla protezione dei dati dell'UE (Regolamento (UE) 2016\/679).<\/p>\n\n\n\n<p>Il visitatore o l'utente del sito web riconosce e accetta che Matja\u017e Mlinar conservi i dati forniti dall'utente al momento del contatto per tutto il tempo in cui l'utente \u00e8 un utente attivo e per un anno dopo la cessazione di questo status.<\/p>\n\n\n\n<p>Altri dati vengono conservati da Matja\u017e Mlinar per il tempo strettamente necessario a raggiungere lo scopo per cui sono stati raccolti, dopodich\u00e9 vengono cancellati definitivamente o resi effettivamente anonimi, in modo che i dati specifici non possano pi\u00f9 essere collegati a un utente specifico.<\/p>\n\n\n\n<p>I dati personali raccolti da Matja\u017e Mlinar sulla base del consenso esplicito dell'interessato saranno trattati solo per le finalit\u00e0 specificate nel consenso e saranno conservati fino alla revoca del consenso.<\/p>\n\n\n\n<p>\u00c8 inoltre responsabilit\u00e0 dell'utente proteggere i propri dati personali assicurandosi che il nome utente e la password siano sicuri e che il sistema operativo e i programmi antivirus del proprio computer siano aggiornati.<\/p>\n\n\n\n<h4 class=\"wp-block-heading\">DIRITTI DEGLI UTENTI O DEI CLIENTI AI SENSI DEL REGOLAMENTO GENERALE GDPR<\/h4>\n\n\n\n<p>Al fine di garantire un trattamento equo e trasparente, in qualit\u00e0 di utente, ai sensi della normativa, lei ha i seguenti diritti:<\/p>\n\n\n\n<ul class=\"wp-block-list\">\n<li><strong>Diritto di revocare il consenso<\/strong><\/li>\n<\/ul>\n\n\n\n<p>Se hai acconsentito come utente al trattamento dei tuoi dati personali (per una o pi\u00f9 finalit\u00e0 specifiche), hai il diritto di revocare il tuo consenso in qualsiasi momento senza pregiudicare la liceit\u00e0 del trattamento dei dati effettuato per consenso fino alla sua revoca.<\/p>\n\n\n\n<ul class=\"wp-block-list\">\n<li><strong>Diritto di accesso ai dati personali<\/strong><\/li>\n<\/ul>\n\n\n\n<p>Come utente, hai il diritto di far correggere al fornitore dati personali inesatti che ti riguardano senza indebito ritardo. Come utente, tenendo conto delle finalit\u00e0 del trattamento, hai il diritto di integrare i dati incompleti, compresa la presentazione di una dichiarazione integrativa.<\/p>\n\n\n\n<ul class=\"wp-block-list\">\n<li><strong>Diritto di rettifica dei dati personali<\/strong><\/li>\n<\/ul>\n\n\n\n<p>Come utente, hai il diritto di far correggere al fornitore dati personali inesatti che ti riguardano senza indebito ritardo. Come utente, tenendo conto delle finalit\u00e0 del trattamento, hai il diritto di integrare i dati incompleti, compresa la presentazione di una dichiarazione integrativa.<\/p>\n\n\n\n<ul class=\"wp-block-list\">\n<li><strong>Diritto alla cancellazione dei dati personali (\"diritto all'inlivion\")<\/strong><\/li>\n<\/ul>\n\n\n\n<p>Come utente, hai il diritto di far cancellare i tuoi dati personali quando non c'\u00e8 pi\u00f9 un motivo legittimo per un ulteriore trattamento.<\/p>\n\n\n\n<p><em>La prevenzione del trattamento \u00e8 possibile in circostanze speciali:<\/em><\/p>\n\n\n\n<ul class=\"wp-block-list\">\n<li><em>quando il trattamento non \u00e8 pi\u00f9 necessario in relazione allo scopo della raccolta e del trattamento;<\/em><\/li>\n\n\n\n<li><em>quando l'utente revoca il consenso al trattamento;<\/em><\/li>\n\n\n\n<li><em>quando l'utente si oppone al trattamento e non sussistono motivi legittimi prevalenti;<\/em><\/li>\n\n\n\n<li><em>se il trattamento \u00e8 stato illecito;<\/em><\/li>\n\n\n\n<li><em>quando la cancellazione \u00e8 necessaria per adempiere agli obblighi di legge (diritto dell'UE o degli Stati membri);<\/em><\/li>\n\n\n\n<li><em>il trattamento \u00e8 legato alla fornitura di servizi della societ\u00e0 dell'informazione al minore.<\/em><\/li>\n<\/ul>\n\n\n\n<p><\/p>\n\n\n\n<ul class=\"wp-block-list\">\n<li><strong>Diritto di limitare il trattamento<\/strong><\/li>\n<\/ul>\n\n\n\n<p>Come utente, hai il diritto di limitare l'elaborazione da parte del provider quando c'\u00e8 un caso:<\/p>\n\n\n\n<ul class=\"wp-block-list\">\n<li><em>se, in qualit\u00e0 di utente, contesti l'accuratezza dei dati personali;<\/em><\/li>\n\n\n\n<li><em>quando il trattamento \u00e8 illegale e come utente ti opponi alla cancellazione e richiedi una limitazione d'uso;<\/em><\/li>\n\n\n\n<li><em>quando i dati non sono pi\u00f9 necessari ai fini del trattamento e come utente ne hai bisogno per far valere i diritti legali.<\/em><\/li>\n<\/ul>\n\n\n\n<p><\/p>\n\n\n\n<ul class=\"wp-block-list\">\n<li><strong>Diritto alla portabilit\u00e0 dei dati<\/strong><\/li>\n<\/ul>\n\n\n\n<p>Come utente, hai il diritto di ricevere informazioni personali che ti riguardano che hai fornito al fornitore in un formato strutturato, ampiamente utilizzato e leggibile da una macchina.<\/p>\n\n\n\n<ul class=\"wp-block-list\">\n<li><strong>Diritto di opporsi al trattamento<\/strong><\/li>\n<\/ul>\n\n\n\n<p>In qualit\u00e0 di utente, puoi opporti al trattamento in caso di trattamento allo scopo di svolgere compiti di interesse pubblico o nell'esercizio di pubblici poteri e marketing diretto (compresa la profilazione).<\/p>\n\n\n\n<ul class=\"wp-block-list\">\n<li><strong>Diritto di proporre reclamo a un'autorit\u00e0 di controllo<\/strong><\/li>\n<\/ul>\n\n\n\n<p>In qualit\u00e0 di utente, hai il diritto di presentare un reclamo all'autorit\u00e0 di controllo, in particolare nel paese in cui risiedi abitualmente, dove si trova il tuo luogo di lavoro o dove si presume che si sia verificata la violazione (in Slovenia,&nbsp;<strong><a href=\"https:\/\/www.ip-rs.si\/\">l'Information Commissioner<\/a><\/strong>) se ritieni che il trattamento dei dati personali in relazione a te violi le norme sulla protezione dei dati personali.<\/p>\n\n\n\n<p>Come utente, tutte le richieste relative all'esercizio dei diritti in relazione ai dati personali, indirizzi, per iscritto, possono essere indirizzate all'operatore, societ\u00e0 proffshop, trgovina d.o.o., che puoi fare contattandoci tramit&nbsp;<strong><a href=\"\/it\/&\/#x6d;&#x61;&#x69;&#x6c;&#x74;&#x6f;&#x3a;&#x69;&#x6e;&#x66;&#x6f;&#x40;&#x6c;&#x61;&#x62;&#x65;&#x6c;&#x6c;&#x61;&#x76;&#x69;&#x73;&#116;&#97;&#46;&#101;&#117;\">info&#64;&#108;&#97;&#98;&#101;&#108;&#108;&#x61;&#x76;&#x69;&#x73;&#x74;&#x61;&#x2e;&#x65;&#x75;<\/a><\/strong>.<\/p>\n\n\n\n<h4 class=\"wp-block-heading\">COLLEGAMENTI AD ALTRE PAGINE WEB<\/h4>\n\n\n\n<p>Sito web\u00a0<a href=\"https:\/\/www.labellavista.eu\/it\/\">www.labellavista.eu<\/a>\u00a0contiene anche collegamenti a siti web non gestiti da Matja\u017e Mlinar. Questi collegamenti sono installati come servizio aggiuntivo sul sito Web\u00a0<a href=\"https:\/\/www.labellavista.eu\/it\/\">www.labellavista.eu<\/a>\u00a0e Matja\u017e Mlinar non \u00e8 responsabile del loro contenuto, della sicurezza o del loro modo di proteggere la privacy. In questo caso, consigliamo al visitatore di rivedere il metodo di privacy pubblicato sulle pagine che visita.<\/p>\n\n\n\n<h4 class=\"wp-block-heading\">MODIFICHE ALL'INFORMATIVA SULLA PRIVACY<\/h4>\n\n\n\n<p>Lo stato dell'informativa sulla privacy \u00e8 indicato dall'indicazione della data (sotto). Ci riserviamo il diritto di modificare la presente Informativa sulla privacy in qualsiasi momento con effetto a termine. La versione attuale \u00e8 disponibile sul nostro sito web. Si prega di visitare regolarmente il nostro sito Web per scoprire un'informativa sulla privacy valida.<\/p>\n\n\n\n<p>Stato della presente Informativa sulla privacy:&nbsp;<strong>1. 1. 2020<\/strong><\/p>\n\n\n\n<h4 class=\"wp-block-heading\">SPIEGAZIONI AGGIUNTIVE<\/h4>\n\n\n\n<p>Puoi anche farci sapere eventuali domande, dilemmi o commenti sulla nostra politica sulla privacy&nbsp;<a href=\"https:\/\/www.labellavista.eu\/it\/contatti\/\"><strong>kontaktnega obrazca<\/strong><\/a>.<\/p>\n\n\n\n<p><\/p>","protected":false},"excerpt":{"rendered":"<p>Spletna stran&nbsp;www.labellavista.eu&nbsp;je v lasti Matja\u017ea Mlinarja. Lastnik spletne strani se zavezuje k spo\u0161tovanju va\u0161e pravice do zasebnosti in spo\u0161tovanju veljavne zakonodaje, ki ureja podro\u010dje zasebnosti in varstva osebnih podatkov. Matja\u017e Mlinar deluje v skladu z Zakonom o varstvu osebnih podatkov (ZVOP-1, Ur. l. RS, \u0161t. 94\/2007) in s Splo\u0161no uredbo EU o varstvu podatkov (Uredba [&hellip;]<\/p>\n","protected":false},"author":1,"featured_media":0,"parent":0,"menu_order":0,"comment_status":"closed","ping_status":"closed","template":"","meta":{"_kad_blocks_custom_css":"","_kad_blocks_head_custom_js":"","_kad_blocks_body_custom_js":"","_kad_blocks_footer_custom_js":"","_kadence_starter_templates_imported_post":false,"footnotes":""},"class_list":["post-183","page","type-page","status-publish","hentry"],"blocksy_meta":[],"yoast_head":"<!-- This site is optimized with the Yoast SEO plugin v27.4 - https:\/\/yoast.com\/product\/yoast-seo-wordpress\/ -->\n<title>Politika zasebnosti - La Bella Vista<\/title>\n<meta name=\"robots\" content=\"index, follow, max-snippet:-1, max-image-preview:large, max-video-preview:-1\" \/>\n<link rel=\"canonical\" href=\"https:\/\/www.labellavista.eu\/it\/politica-della-privacy\/\" \/>\n<meta property=\"og:locale\" content=\"it_IT\" \/>\n<meta property=\"og:type\" content=\"article\" \/>\n<meta property=\"og:title\" content=\"Politika zasebnosti - La Bella Vista\" \/>\n<meta property=\"og:description\" content=\"Spletna stran&nbsp;www.labellavista.eu&nbsp;je v lasti Matja\u017ea Mlinarja. Lastnik spletne strani se zavezuje k spo\u0161tovanju va\u0161e pravice do zasebnosti in spo\u0161tovanju veljavne zakonodaje, ki ureja podro\u010dje zasebnosti in varstva osebnih podatkov. Matja\u017e Mlinar deluje v skladu z Zakonom o varstvu osebnih podatkov (ZVOP-1, Ur. l. RS, \u0161t. 94\/2007) in s Splo\u0161no uredbo EU o varstvu podatkov (Uredba [&hellip;]\" \/>\n<meta property=\"og:url\" content=\"https:\/\/www.labellavista.eu\/it\/politica-della-privacy\/\" \/>\n<meta property=\"og:site_name\" content=\"La Bella Vista\" \/>\n<meta property=\"article:modified_time\" content=\"2025-02-26T07:13:51+00:00\" \/>\n<meta property=\"og:image\" content=\"https:\/\/www.labellavista.eu\/wp-content\/uploads\/2025\/02\/la-bella-vista-naslovna.jpg\" \/>\n\t<meta property=\"og:image:width\" content=\"1920\" \/>\n\t<meta property=\"og:image:height\" content=\"1223\" \/>\n\t<meta property=\"og:image:type\" content=\"image\/jpeg\" \/>\n<meta name=\"twitter:card\" content=\"summary_large_image\" \/>\n<meta name=\"twitter:label1\" content=\"Tempo di lettura stimato\" \/>\n\t<meta name=\"twitter:data1\" content=\"10 minuti\" \/>\n<script type=\"application\/ld+json\" class=\"yoast-schema-graph\">{\"@context\":\"https:\\\/\\\/schema.org\",\"@graph\":[{\"@type\":\"WebPage\",\"@id\":\"https:\\\/\\\/www.labellavista.eu\\\/politika-zasebnosti\\\/\",\"url\":\"https:\\\/\\\/www.labellavista.eu\\\/politika-zasebnosti\\\/\",\"name\":\"Politika zasebnosti - La Bella Vista\",\"isPartOf\":{\"@id\":\"https:\\\/\\\/www.labellavista.eu\\\/#website\"},\"datePublished\":\"2025-02-21T12:16:12+00:00\",\"dateModified\":\"2025-02-26T07:13:51+00:00\",\"breadcrumb\":{\"@id\":\"https:\\\/\\\/www.labellavista.eu\\\/politika-zasebnosti\\\/#breadcrumb\"},\"inLanguage\":\"it-IT\",\"potentialAction\":[{\"@type\":\"ReadAction\",\"target\":[\"https:\\\/\\\/www.labellavista.eu\\\/politika-zasebnosti\\\/\"]}]},{\"@type\":\"BreadcrumbList\",\"@id\":\"https:\\\/\\\/www.labellavista.eu\\\/politika-zasebnosti\\\/#breadcrumb\",\"itemListElement\":[{\"@type\":\"ListItem\",\"position\":1,\"name\":\"Home\",\"item\":\"https:\\\/\\\/www.labellavista.eu\\\/\"},{\"@type\":\"ListItem\",\"position\":2,\"name\":\"Politika zasebnosti\"}]},{\"@type\":\"WebSite\",\"@id\":\"https:\\\/\\\/www.labellavista.eu\\\/#website\",\"url\":\"https:\\\/\\\/www.labellavista.eu\\\/\",\"name\":\"La Bella Vista Apartmaji\",\"description\":\"Apartmaji z morskim razgledom nad Izolo\",\"publisher\":{\"@id\":\"https:\\\/\\\/www.labellavista.eu\\\/#organization\"},\"potentialAction\":[{\"@type\":\"SearchAction\",\"target\":{\"@type\":\"EntryPoint\",\"urlTemplate\":\"https:\\\/\\\/www.labellavista.eu\\\/?s={search_term_string}\"},\"query-input\":{\"@type\":\"PropertyValueSpecification\",\"valueRequired\":true,\"valueName\":\"search_term_string\"}}],\"inLanguage\":\"it-IT\"},{\"@type\":\"Organization\",\"@id\":\"https:\\\/\\\/www.labellavista.eu\\\/#organization\",\"name\":\"La Bella Vista Apartmaji\",\"url\":\"https:\\\/\\\/www.labellavista.eu\\\/\",\"logo\":{\"@type\":\"ImageObject\",\"inLanguage\":\"it-IT\",\"@id\":\"https:\\\/\\\/www.labellavista.eu\\\/#\\\/schema\\\/logo\\\/image\\\/\",\"url\":\"https:\\\/\\\/www.labellavista.eu\\\/wp-content\\\/uploads\\\/2025\\\/02\\\/logo-la-bella-vista-fav.jpg\",\"contentUrl\":\"https:\\\/\\\/www.labellavista.eu\\\/wp-content\\\/uploads\\\/2025\\\/02\\\/logo-la-bella-vista-fav.jpg\",\"width\":512,\"height\":512,\"caption\":\"La Bella Vista Apartmaji\"},\"image\":{\"@id\":\"https:\\\/\\\/www.labellavista.eu\\\/#\\\/schema\\\/logo\\\/image\\\/\"}}]}<\/script>\n<!-- \/ Yoast SEO plugin. -->","yoast_head_json":{"title":"Politica della privacy - La Bella Vista","robots":{"index":"index","follow":"follow","max-snippet":"max-snippet:-1","max-image-preview":"max-image-preview:large","max-video-preview":"max-video-preview:-1"},"canonical":"https:\/\/www.labellavista.eu\/it\/politica-della-privacy\/","og_locale":"it_IT","og_type":"article","og_title":"Politika zasebnosti - La Bella Vista","og_description":"Spletna stran&nbsp;www.labellavista.eu&nbsp;je v lasti Matja\u017ea Mlinarja. Lastnik spletne strani se zavezuje k spo\u0161tovanju va\u0161e pravice do zasebnosti in spo\u0161tovanju veljavne zakonodaje, ki ureja podro\u010dje zasebnosti in varstva osebnih podatkov. Matja\u017e Mlinar deluje v skladu z Zakonom o varstvu osebnih podatkov (ZVOP-1, Ur. l. RS, \u0161t. 94\/2007) in s Splo\u0161no uredbo EU o varstvu podatkov (Uredba [&hellip;]","og_url":"https:\/\/www.labellavista.eu\/it\/politica-della-privacy\/","og_site_name":"La Bella Vista","article_modified_time":"2025-02-26T07:13:51+00:00","og_image":[{"width":1920,"height":1223,"url":"https:\/\/www.labellavista.eu\/wp-content\/uploads\/2025\/02\/la-bella-vista-naslovna.jpg","type":"image\/jpeg"}],"twitter_card":"summary_large_image","twitter_misc":{"Tempo di lettura stimato":"10 minuti"},"schema":{"@context":"https:\/\/schema.org","@graph":[{"@type":"WebPage","@id":"https:\/\/www.labellavista.eu\/politika-zasebnosti\/","url":"https:\/\/www.labellavista.eu\/politika-zasebnosti\/","name":"Politica della privacy - La Bella Vista","isPartOf":{"@id":"https:\/\/www.labellavista.eu\/#website"},"datePublished":"2025-02-21T12:16:12+00:00","dateModified":"2025-02-26T07:13:51+00:00","breadcrumb":{"@id":"https:\/\/www.labellavista.eu\/politika-zasebnosti\/#breadcrumb"},"inLanguage":"it-IT","potentialAction":[{"@type":"ReadAction","target":["https:\/\/www.labellavista.eu\/politika-zasebnosti\/"]}]},{"@type":"BreadcrumbList","@id":"https:\/\/www.labellavista.eu\/politika-zasebnosti\/#breadcrumb","itemListElement":[{"@type":"ListItem","position":1,"name":"Home","item":"https:\/\/www.labellavista.eu\/"},{"@type":"ListItem","position":2,"name":"Politika zasebnosti"}]},{"@type":"WebSite","@id":"https:\/\/www.labellavista.eu\/#website","url":"https:\/\/www.labellavista.eu\/","name":"La Bella Vista Appartamenti","description":"Apartmaji z morskim razgledom nad Izolo","publisher":{"@id":"https:\/\/www.labellavista.eu\/#organization"},"potentialAction":[{"@type":"SearchAction","target":{"@type":"EntryPoint","urlTemplate":"https:\/\/www.labellavista.eu\/?s={search_term_string}"},"query-input":{"@type":"PropertyValueSpecification","valueRequired":true,"valueName":"search_term_string"}}],"inLanguage":"it-IT"},{"@type":"Organization","@id":"https:\/\/www.labellavista.eu\/#organization","name":"La Bella Vista Appartamenti","url":"https:\/\/www.labellavista.eu\/","logo":{"@type":"ImageObject","inLanguage":"it-IT","@id":"https:\/\/www.labellavista.eu\/#\/schema\/logo\/image\/","url":"https:\/\/www.labellavista.eu\/wp-content\/uploads\/2025\/02\/logo-la-bella-vista-fav.jpg","contentUrl":"https:\/\/www.labellavista.eu\/wp-content\/uploads\/2025\/02\/logo-la-bella-vista-fav.jpg","width":512,"height":512,"caption":"La Bella Vista Apartmaji"},"image":{"@id":"https:\/\/www.labellavista.eu\/#\/schema\/logo\/image\/"}}]}},"taxonomy_info":[],"featured_image_src_large":false,"author_info":{"display_name":"La Bella Vista","author_link":"https:\/\/www.labellavista.eu\/it\/author\/op8r4t8r-w8b-mst8r\/"},"comment_info":"","_links":{"self":[{"href":"https:\/\/www.labellavista.eu\/it\/wp-json\/wp\/v2\/pages\/183","targetHints":{"allow":["GET"]}}],"collection":[{"href":"https:\/\/www.labellavista.eu\/it\/wp-json\/wp\/v2\/pages"}],"about":[{"href":"https:\/\/www.labellavista.eu\/it\/wp-json\/wp\/v2\/types\/page"}],"author":[{"embeddable":true,"href":"https:\/\/www.labellavista.eu\/it\/wp-json\/wp\/v2\/users\/1"}],"replies":[{"embeddable":true,"href":"https:\/\/www.labellavista.eu\/it\/wp-json\/wp\/v2\/comments?post=183"}],"version-history":[{"count":6,"href":"https:\/\/www.labellavista.eu\/it\/wp-json\/wp\/v2\/pages\/183\/revisions"}],"predecessor-version":[{"id":647,"href":"https:\/\/www.labellavista.eu\/it\/wp-json\/wp\/v2\/pages\/183\/revisions\/647"}],"wp:attachment":[{"href":"https:\/\/www.labellavista.eu\/it\/wp-json\/wp\/v2\/media?parent=183"}],"curies":[{"name":"wp","href":"https:\/\/api.w.org\/{rel}","templated":true}]}}