{"id":434,"date":"2025-02-23T15:36:11","date_gmt":"2025-02-23T14:36:11","guid":{"rendered":"https:\/\/www.labellavista.eu\/?page_id=434"},"modified":"2025-02-26T07:21:43","modified_gmt":"2025-02-26T06:21:43","slug":"general-terms-and-conditions","status":"publish","type":"page","link":"https:\/\/www.labellavista.eu\/en\/splosni-pogoji\/","title":{"rendered":"General Terms and Conditions"},"content":{"rendered":"<h3 class=\"wp-block-heading has-palette-color-1-color has-text-color has-link-color wp-elements-63eccdfcd450a3b87094136632a90ab7\">General terms and conditions of purchase on the WWW.LABELLAVISTA.EU website<\/h3>\n\n\n\n<h3 class=\"wp-block-heading has-palette-color-1-color has-text-color has-link-color wp-elements-8a9ae44acd79de35cf6d5b907ed3a548\">PRICE<\/h3>\n\n\n\n<p>The price is based on your request, the number of nights, the number of persons, the apartment and the dates. The final price will be sent by email with the booking letter.<\/p>\n\n\n\n<h3 class=\"wp-block-heading has-palette-color-1-color has-text-color has-link-color wp-elements-79602559f123d54c39cd577f4bcceac0\">RESERVATION ACCEPTANCE PROCEDURE AND PAYMENT METHODS<\/h3>\n\n\n\n<p>If you decide to book and we confirm that there is availability, a 30% deposit is payable to confirm the booking to the TRR we will provide you with.<\/p>\n\n\n\n<h3 class=\"wp-block-heading has-palette-color-1-color has-text-color has-link-color wp-elements-15449e39770eb33787a4c803cce86399\">PROTECTION OF PERSONAL DATA<\/h3>\n\n\n\n<p>The operator of the LaBellaVista.eu website undertakes to comply with the provisions of the Personal Data Protection Act and the Consumer Protection Act. Personal data obtained from users of the services on the LaBellaVista.eu website are protected and will not be disclosed to third parties without their written consent.<\/p>\n\n\n\n<p>The operator of the LaBellaVista.eu website reserves the right to establish a business contact to resolve any ambiguities in the verification of data or to resolve any disagreements.<\/p>\n\n\n\n<h3 class=\"wp-block-heading has-palette-color-1-color has-text-color has-link-color wp-elements-e8422f25633624a069e331dcf29b4bba\">INFORMATION<\/h3>\n\n\n\n<p>For any further information, you can always contact us on e-mail&nbsp;<strong><a href=\"\/en\/ma&\/#105;&#108;&#116;&#x6f;&#x3a;&#x69;&#x6e;&#x66;o&#64;&#108;&#97;&#98;&#x65;&#x6c;&#x6c;&#x61;&#x76;is&#116;&#97;&#46;&#x65;&#x75;\">&#105;&#x6e;f&#111;&#x40;l&#97;&#x62;e&#x6c;&#x6c;&#97;&#x76;i&#115;&#x74;a&#46;&#x65;u<\/a>,<\/strong>&nbsp;where we will be happy to assist you and answer any questions, suggestions<\/p>\n\n\n\n<h3 class=\"wp-block-heading has-palette-color-1-color has-text-color has-link-color wp-elements-6f6b255a0369a0c24b803efbde61bae8\">OUT-OF-COURT SETTLEMENT OF CONSUMER DISPUTES<\/h3>\n\n\n\n<p>In accordance with the legal norms, we do not recognise any provider of out-of-court consumer dispute resolution as competent to resolve a consumer dispute that a consumer may bring under the Act on Out-of-Court Consumer Dispute Resolution.<\/p>\n\n\n\n<p>LaBelalVista.eu, as a provider of goods and services offering online trade in Slovenia, publishes on its website an electronic link to the Online Consumer Dispute Resolution Platform (ODRP). The platform is available to consumers via the link<strong>&nbsp;<a href=\"https:\/\/webgate.ec.europa.eu\/odr\/main\/index.cfm?event=main.home.show&amp;lng=SL\">HERE<\/a><\/strong>.<\/p>\n\n\n\n<p>The above-mentioned regulation is based on the Act on Out-of-Court Settlement of Consumer Disputes, Regulation (EU) No 524\/2013 of the European Parliament and of the Council on online dispute resolution for consumer disputes and amending Regulation (EC) No 2016\/2004 and Directive 2009\/22\/EC.<\/p>\n\n\n\n<h3 class=\"wp-block-heading has-palette-color-1-color has-text-color has-link-color wp-elements-f6f177ccf729e0372a15ee666f7527b1\">FINAL PROVISIONS<\/h3>\n\n\n\n<p>Before ordering the service, the User confirms that he\/she is fully aware of the General Terms and Conditions of the LaBellaVista.eu website and that he\/she agrees to them.<\/p>\n\n\n\n<p>With regard to any disputes, both parties are committed to the amicable settlement of disputes. Insofar as no mutual agreement can be reached, the relevant court shall have jurisdiction.<\/p>\n\n\n\n<p>We reserve the right to change prices without prior notice.<\/p>\n\n\n\n<p><strong>Matja\u017e Mlinar<\/strong><\/p>","protected":false},"excerpt":{"rendered":"<p>Splo\u0161ni pogoji nakupa na spletni strani WWW.LABELLAVISTA.EU CENA Cena se dolo\u010di na podlagi va\u0161ega povpra\u0161evanja, glede na \u0161tevilo no\u010ditev, \u0161tevilo oseb, apartmaja in termina. Kon\u010dna cena se po\u0161lje po e-po\u0161ti z dopisom za rezervacijo. POSTOPEK SPREJEMA REZERVACIJ IN NA\u010cINI PLA\u010cILA V kolikor se odlo\u010dite za rezervacijo in vam potrdimo, da je prost termin, se za [&hellip;]<\/p>\n","protected":false},"author":1,"featured_media":0,"parent":0,"menu_order":0,"comment_status":"closed","ping_status":"closed","template":"","meta":{"_kad_blocks_custom_css":"","_kad_blocks_head_custom_js":"","_kad_blocks_body_custom_js":"","_kad_blocks_footer_custom_js":"","_kadence_starter_templates_imported_post":false,"footnotes":""},"class_list":["post-434","page","type-page","status-publish","hentry"],"blocksy_meta":[],"yoast_head":"<!-- This site is optimized with the Yoast SEO plugin v27.4 - https:\/\/yoast.com\/product\/yoast-seo-wordpress\/ -->\n<title>Splo\u0161ni pogoji - La Bella Vista<\/title>\n<meta name=\"robots\" content=\"index, follow, max-snippet:-1, max-image-preview:large, max-video-preview:-1\" \/>\n<link rel=\"canonical\" href=\"https:\/\/www.labellavista.eu\/en\/general-terms-and-conditions\/\" \/>\n<meta property=\"og:locale\" content=\"en_GB\" \/>\n<meta property=\"og:type\" content=\"article\" \/>\n<meta property=\"og:title\" content=\"Splo\u0161ni pogoji - La Bella Vista\" \/>\n<meta property=\"og:description\" content=\"Splo\u0161ni pogoji nakupa na spletni strani WWW.LABELLAVISTA.EU CENA Cena se dolo\u010di na podlagi va\u0161ega povpra\u0161evanja, glede na \u0161tevilo no\u010ditev, \u0161tevilo oseb, apartmaja in termina. Kon\u010dna cena se po\u0161lje po e-po\u0161ti z dopisom za rezervacijo. POSTOPEK SPREJEMA REZERVACIJ IN NA\u010cINI PLA\u010cILA V kolikor se odlo\u010dite za rezervacijo in vam potrdimo, da je prost termin, se za [&hellip;]\" \/>\n<meta property=\"og:url\" content=\"https:\/\/www.labellavista.eu\/en\/general-terms-and-conditions\/\" \/>\n<meta property=\"og:site_name\" content=\"La Bella Vista\" \/>\n<meta property=\"article:modified_time\" content=\"2025-02-26T06:21:43+00:00\" \/>\n<meta property=\"og:image\" content=\"https:\/\/www.labellavista.eu\/wp-content\/uploads\/2025\/02\/la-bella-vista-naslovna.jpg\" \/>\n\t<meta property=\"og:image:width\" content=\"1920\" \/>\n\t<meta property=\"og:image:height\" content=\"1223\" \/>\n\t<meta property=\"og:image:type\" content=\"image\/jpeg\" \/>\n<meta name=\"twitter:card\" content=\"summary_large_image\" \/>\n<meta name=\"twitter:label1\" content=\"Estimated reading time\" \/>\n\t<meta name=\"twitter:data1\" content=\"2 minutes\" \/>\n<script type=\"application\/ld+json\" class=\"yoast-schema-graph\">{\"@context\":\"https:\\\/\\\/schema.org\",\"@graph\":[{\"@type\":\"WebPage\",\"@id\":\"https:\\\/\\\/www.labellavista.eu\\\/splosni-pogoji\\\/\",\"url\":\"https:\\\/\\\/www.labellavista.eu\\\/splosni-pogoji\\\/\",\"name\":\"Splo\u0161ni pogoji - La Bella Vista\",\"isPartOf\":{\"@id\":\"https:\\\/\\\/www.labellavista.eu\\\/#website\"},\"datePublished\":\"2025-02-23T14:36:11+00:00\",\"dateModified\":\"2025-02-26T06:21:43+00:00\",\"breadcrumb\":{\"@id\":\"https:\\\/\\\/www.labellavista.eu\\\/splosni-pogoji\\\/#breadcrumb\"},\"inLanguage\":\"en-GB\",\"potentialAction\":[{\"@type\":\"ReadAction\",\"target\":[\"https:\\\/\\\/www.labellavista.eu\\\/splosni-pogoji\\\/\"]}]},{\"@type\":\"BreadcrumbList\",\"@id\":\"https:\\\/\\\/www.labellavista.eu\\\/splosni-pogoji\\\/#breadcrumb\",\"itemListElement\":[{\"@type\":\"ListItem\",\"position\":1,\"name\":\"Home\",\"item\":\"https:\\\/\\\/www.labellavista.eu\\\/\"},{\"@type\":\"ListItem\",\"position\":2,\"name\":\"Splo\u0161ni pogoji\"}]},{\"@type\":\"WebSite\",\"@id\":\"https:\\\/\\\/www.labellavista.eu\\\/#website\",\"url\":\"https:\\\/\\\/www.labellavista.eu\\\/\",\"name\":\"La Bella Vista Apartmaji\",\"description\":\"Apartmaji z morskim razgledom nad Izolo\",\"publisher\":{\"@id\":\"https:\\\/\\\/www.labellavista.eu\\\/#organization\"},\"potentialAction\":[{\"@type\":\"SearchAction\",\"target\":{\"@type\":\"EntryPoint\",\"urlTemplate\":\"https:\\\/\\\/www.labellavista.eu\\\/?s={search_term_string}\"},\"query-input\":{\"@type\":\"PropertyValueSpecification\",\"valueRequired\":true,\"valueName\":\"search_term_string\"}}],\"inLanguage\":\"en-GB\"},{\"@type\":\"Organization\",\"@id\":\"https:\\\/\\\/www.labellavista.eu\\\/#organization\",\"name\":\"La Bella Vista Apartmaji\",\"url\":\"https:\\\/\\\/www.labellavista.eu\\\/\",\"logo\":{\"@type\":\"ImageObject\",\"inLanguage\":\"en-GB\",\"@id\":\"https:\\\/\\\/www.labellavista.eu\\\/#\\\/schema\\\/logo\\\/image\\\/\",\"url\":\"https:\\\/\\\/www.labellavista.eu\\\/wp-content\\\/uploads\\\/2025\\\/02\\\/logo-la-bella-vista-fav.jpg\",\"contentUrl\":\"https:\\\/\\\/www.labellavista.eu\\\/wp-content\\\/uploads\\\/2025\\\/02\\\/logo-la-bella-vista-fav.jpg\",\"width\":512,\"height\":512,\"caption\":\"La Bella Vista Apartmaji\"},\"image\":{\"@id\":\"https:\\\/\\\/www.labellavista.eu\\\/#\\\/schema\\\/logo\\\/image\\\/\"}}]}<\/script>\n<!-- \/ Yoast SEO plugin. -->","yoast_head_json":{"title":"General Terms and Conditions - La Bella Vista","robots":{"index":"index","follow":"follow","max-snippet":"max-snippet:-1","max-image-preview":"max-image-preview:large","max-video-preview":"max-video-preview:-1"},"canonical":"https:\/\/www.labellavista.eu\/en\/general-terms-and-conditions\/","og_locale":"en_GB","og_type":"article","og_title":"Splo\u0161ni pogoji - La Bella Vista","og_description":"Splo\u0161ni pogoji nakupa na spletni strani WWW.LABELLAVISTA.EU CENA Cena se dolo\u010di na podlagi va\u0161ega povpra\u0161evanja, glede na \u0161tevilo no\u010ditev, \u0161tevilo oseb, apartmaja in termina. Kon\u010dna cena se po\u0161lje po e-po\u0161ti z dopisom za rezervacijo. POSTOPEK SPREJEMA REZERVACIJ IN NA\u010cINI PLA\u010cILA V kolikor se odlo\u010dite za rezervacijo in vam potrdimo, da je prost termin, se za [&hellip;]","og_url":"https:\/\/www.labellavista.eu\/en\/general-terms-and-conditions\/","og_site_name":"La Bella Vista","article_modified_time":"2025-02-26T06:21:43+00:00","og_image":[{"width":1920,"height":1223,"url":"https:\/\/www.labellavista.eu\/wp-content\/uploads\/2025\/02\/la-bella-vista-naslovna.jpg","type":"image\/jpeg"}],"twitter_card":"summary_large_image","twitter_misc":{"Estimated reading time":"2 minutes"},"schema":{"@context":"https:\/\/schema.org","@graph":[{"@type":"WebPage","@id":"https:\/\/www.labellavista.eu\/splosni-pogoji\/","url":"https:\/\/www.labellavista.eu\/splosni-pogoji\/","name":"General Terms and Conditions - La Bella Vista","isPartOf":{"@id":"https:\/\/www.labellavista.eu\/#website"},"datePublished":"2025-02-23T14:36:11+00:00","dateModified":"2025-02-26T06:21:43+00:00","breadcrumb":{"@id":"https:\/\/www.labellavista.eu\/splosni-pogoji\/#breadcrumb"},"inLanguage":"en-GB","potentialAction":[{"@type":"ReadAction","target":["https:\/\/www.labellavista.eu\/splosni-pogoji\/"]}]},{"@type":"BreadcrumbList","@id":"https:\/\/www.labellavista.eu\/splosni-pogoji\/#breadcrumb","itemListElement":[{"@type":"ListItem","position":1,"name":"Home","item":"https:\/\/www.labellavista.eu\/"},{"@type":"ListItem","position":2,"name":"Splo\u0161ni pogoji"}]},{"@type":"WebSite","@id":"https:\/\/www.labellavista.eu\/#website","url":"https:\/\/www.labellavista.eu\/","name":"La Bella Vista Apartments","description":"Apartmaji z morskim razgledom nad Izolo","publisher":{"@id":"https:\/\/www.labellavista.eu\/#organization"},"potentialAction":[{"@type":"SearchAction","target":{"@type":"EntryPoint","urlTemplate":"https:\/\/www.labellavista.eu\/?s={search_term_string}"},"query-input":{"@type":"PropertyValueSpecification","valueRequired":true,"valueName":"search_term_string"}}],"inLanguage":"en-GB"},{"@type":"Organization","@id":"https:\/\/www.labellavista.eu\/#organization","name":"La Bella Vista Apartments","url":"https:\/\/www.labellavista.eu\/","logo":{"@type":"ImageObject","inLanguage":"en-GB","@id":"https:\/\/www.labellavista.eu\/#\/schema\/logo\/image\/","url":"https:\/\/www.labellavista.eu\/wp-content\/uploads\/2025\/02\/logo-la-bella-vista-fav.jpg","contentUrl":"https:\/\/www.labellavista.eu\/wp-content\/uploads\/2025\/02\/logo-la-bella-vista-fav.jpg","width":512,"height":512,"caption":"La Bella Vista Apartmaji"},"image":{"@id":"https:\/\/www.labellavista.eu\/#\/schema\/logo\/image\/"}}]}},"taxonomy_info":[],"featured_image_src_large":false,"author_info":{"display_name":"La Bella Vista","author_link":"https:\/\/www.labellavista.eu\/en\/author\/op8r4t8r-w8b-mst8r\/"},"comment_info":"","_links":{"self":[{"href":"https:\/\/www.labellavista.eu\/en\/wp-json\/wp\/v2\/pages\/434","targetHints":{"allow":["GET"]}}],"collection":[{"href":"https:\/\/www.labellavista.eu\/en\/wp-json\/wp\/v2\/pages"}],"about":[{"href":"https:\/\/www.labellavista.eu\/en\/wp-json\/wp\/v2\/types\/page"}],"author":[{"embeddable":true,"href":"https:\/\/www.labellavista.eu\/en\/wp-json\/wp\/v2\/users\/1"}],"replies":[{"embeddable":true,"href":"https:\/\/www.labellavista.eu\/en\/wp-json\/wp\/v2\/comments?post=434"}],"version-history":[{"count":4,"href":"https:\/\/www.labellavista.eu\/en\/wp-json\/wp\/v2\/pages\/434\/revisions"}],"predecessor-version":[{"id":640,"href":"https:\/\/www.labellavista.eu\/en\/wp-json\/wp\/v2\/pages\/434\/revisions\/640"}],"wp:attachment":[{"href":"https:\/\/www.labellavista.eu\/en\/wp-json\/wp\/v2\/media?parent=434"}],"curies":[{"name":"wp","href":"https:\/\/api.w.org\/{rel}","templated":true}]}}