{"id":434,"date":"2025-02-23T15:36:11","date_gmt":"2025-02-23T14:36:11","guid":{"rendered":"https:\/\/www.labellavista.eu\/?page_id=434"},"modified":"2025-02-26T07:21:43","modified_gmt":"2025-02-26T06:21:43","slug":"allgemeine-geschaftsbedingungen","status":"publish","type":"page","link":"https:\/\/www.labellavista.eu\/de\/splosni-pogoji\/","title":{"rendered":"Allgemeine Gesch\u00e4ftsbedingungen"},"content":{"rendered":"<h3 class=\"wp-block-heading has-palette-color-1-color has-text-color has-link-color wp-elements-63eccdfcd450a3b87094136632a90ab7\">Allgemeine Gesch\u00e4ftsbedingungen f\u00fcr den Kauf auf der Website WWW.LABELLAVISTA.EU<\/h3>\n\n\n\n<h3 class=\"wp-block-heading has-palette-color-1-color has-text-color has-link-color wp-elements-8a9ae44acd79de35cf6d5b907ed3a548\">PREIS<\/h3>\n\n\n\n<p>Der Preis richtet sich nach Ihrer Anfrage, der Anzahl der N\u00e4chte, der Anzahl der Personen, der Wohnung und den Daten. Der endg\u00fcltige Preis wird per E-Mail mit der Buchung Brief gesendet werden.<\/p>\n\n\n\n<h3 class=\"wp-block-heading has-palette-color-1-color has-text-color has-link-color wp-elements-79602559f123d54c39cd577f4bcceac0\">DAS VERFAHREN F\u00dcR DIE ANNAHME VON RESERVIERUNGEN UND DIE ZAHLUNGSMODALIT\u00c4TEN<\/h3>\n\n\n\n<p>Wenn Sie sich f\u00fcr eine Buchung entscheiden und wir die Verf\u00fcgbarkeit best\u00e4tigen, ist eine Anzahlung von 30 % auf den TRR, den wir Ihnen mitteilen, zu leisten.<\/p>\n\n\n\n<h3 class=\"wp-block-heading has-palette-color-1-color has-text-color has-link-color wp-elements-15449e39770eb33787a4c803cce86399\">SCHUTZ PERSONENBEZOGENER DATEN<\/h3>\n\n\n\n<p>Der Betreiber der Website LaBellaVista.eu verpflichtet sich, die Bestimmungen des Datenschutzgesetzes und des Verbraucherschutzgesetzes einzuhalten. Personenbezogene Daten, die von Benutzern der Dienste auf der LaBellaVista.eu - Website erhoben werden, sind gesch\u00fctzt und werden ohne ihre schriftliche Zustimmung nicht an Dritte weitergegeben.<\/p>\n\n\n\n<p>Der Betreiber der LaBellaVista.eu - Website beh\u00e4lt sich das Recht vor, einen gesch\u00e4ftlichen Kontakt herzustellen, um Unklarheiten bei der \u00dcberpr\u00fcfung von Daten oder Meinungsverschiedenheiten zu kl\u00e4ren.<\/p>\n\n\n\n<h3 class=\"wp-block-heading has-palette-color-1-color has-text-color has-link-color wp-elements-e8422f25633624a069e331dcf29b4bba\">INFORMATION<\/h3>\n\n\n\n<p>F\u00fcr weitere Informationen k\u00f6nnen Sie uns jederzeit unter E-Mail&nbsp;<strong><a href=\"\/de\/&\/#x6d;&#x61;&#105;&#108;t&#x6f;&#x3a;&#x69;&#110;fo&#x40;&#x6c;&#97;&#98;e&#x6c;&#x6c;&#x61;&#118;is&#x74;&#x61;&#46;&#101;u\">info@labellavista.eu<\/a>,<\/strong>&nbsp;kontaktieren, wo wir Ihnen gerne weiterhelfen und alle Fragen, Anregungen und W\u00fcnsche beantworten.<\/p>\n\n\n\n<h3 class=\"wp-block-heading has-palette-color-1-color has-text-color has-link-color wp-elements-6f6b255a0369a0c24b803efbde61bae8\">AUSSERGERICHTLICHE BEILEGUNG VON VERBRAUCHERSTREITIGKEITEN<\/h3>\n\n\n\n<p>Gem\u00e4\u00df den gesetzlichen Normen erkennen wir keinen Anbieter au\u00dfergerichtlicher Verbraucherstreitbeilegung als zust\u00e4ndig f\u00fcr die Beilegung einer Verbraucherstreitigkeit an, die ein Verbraucher nach dem Gesetz \u00fcber die au\u00dfergerichtliche Verbraucherstreitbeilegung vorbringen kann.<\/p>\n\n\n\n<p>LaBellaVista.eu, als Anbieter von Waren und Dienstleistungen, die den Online-Handel in Slowenien anbieten, ver\u00f6ffentlicht auf seiner Website einen elektronischen Link zur Online-Plattform zur Beilegung von Verbraucherstreitigkeiten (ODRP). Die Plattform steht Verbrauchern<strong>&nbsp;<a href=\"https:\/\/webgate.ec.europa.eu\/odr\/main\/index.cfm?event=main.home.show&amp;lng=SL\">\u00fcber den Link HIER zur Verf\u00fcgung.<\/a><\/strong>.<\/p>\n\n\n\n<p>Die vorgenannte Verordnung basiert auf dem Gesetz \u00fcber die au\u00dfergerichtliche Beilegung von Verbraucherstreitigkeiten, der Verordnung (EU) Nr. 524\/2013 des Europ\u00e4ischen Parlaments und des Rates \u00fcber die Online-Beilegung verbraucherrechtlicher Streitigkeiten und zur \u00c4nderung der Verordnung (EG) Nr. 2016\/2004 und Richtlinie 2009\/22\/EG.<\/p>\n\n\n\n<h3 class=\"wp-block-heading has-palette-color-1-color has-text-color has-link-color wp-elements-f6f177ccf729e0372a15ee666f7527b1\">SCHLUSSBESTIMMUNGEN<\/h3>\n\n\n\n<p>Vor der Bestellung des Dienstes best\u00e4tigt der Nutzer, dass er die Allgemeinen Gesch\u00e4ftsbedingungen der LaBellaVista.eu - Website vollst\u00e4ndig kennt und mit ihnen einverstanden ist.<\/p>\n\n\n\n<p>Hinsichtlich etwaiger Streitigkeiten verpflichten sich beide Parteien zu einer g\u00fctlichen Streitbeilegung. Soweit keine einvernehmliche Einigung zustande kommt, ist das sachlich zust\u00e4ndige Gericht zust\u00e4ndig.<\/p>\n\n\n\n<p>Wir behalten uns das Recht vor, Preise ohne Vorank\u00fcndigung zu \u00e4ndern.<\/p>\n\n\n\n<p><strong>Matja\u017e Mlinar<\/strong><\/p>","protected":false},"excerpt":{"rendered":"<p>Splo\u0161ni pogoji nakupa na spletni strani WWW.LABELLAVISTA.EU CENA Cena se dolo\u010di na podlagi va\u0161ega povpra\u0161evanja, glede na \u0161tevilo no\u010ditev, \u0161tevilo oseb, apartmaja in termina. Kon\u010dna cena se po\u0161lje po e-po\u0161ti z dopisom za rezervacijo. POSTOPEK SPREJEMA REZERVACIJ IN NA\u010cINI PLA\u010cILA V kolikor se odlo\u010dite za rezervacijo in vam potrdimo, da je prost termin, se za [&hellip;]<\/p>\n","protected":false},"author":1,"featured_media":0,"parent":0,"menu_order":0,"comment_status":"closed","ping_status":"closed","template":"","meta":{"_kad_blocks_custom_css":"","_kad_blocks_head_custom_js":"","_kad_blocks_body_custom_js":"","_kad_blocks_footer_custom_js":"","_kadence_starter_templates_imported_post":false,"footnotes":""},"class_list":["post-434","page","type-page","status-publish","hentry"],"blocksy_meta":[],"yoast_head":"<!-- This site is optimized with the Yoast SEO plugin v27.4 - https:\/\/yoast.com\/product\/yoast-seo-wordpress\/ -->\n<title>Splo\u0161ni pogoji - La Bella Vista<\/title>\n<meta name=\"robots\" content=\"index, follow, max-snippet:-1, max-image-preview:large, max-video-preview:-1\" \/>\n<link rel=\"canonical\" href=\"https:\/\/www.labellavista.eu\/de\/allgemeine-geschaftsbedingungen\/\" \/>\n<meta property=\"og:locale\" content=\"de_DE\" \/>\n<meta property=\"og:type\" content=\"article\" \/>\n<meta property=\"og:title\" content=\"Splo\u0161ni pogoji - La Bella Vista\" \/>\n<meta property=\"og:description\" content=\"Splo\u0161ni pogoji nakupa na spletni strani WWW.LABELLAVISTA.EU CENA Cena se dolo\u010di na podlagi va\u0161ega povpra\u0161evanja, glede na \u0161tevilo no\u010ditev, \u0161tevilo oseb, apartmaja in termina. Kon\u010dna cena se po\u0161lje po e-po\u0161ti z dopisom za rezervacijo. POSTOPEK SPREJEMA REZERVACIJ IN NA\u010cINI PLA\u010cILA V kolikor se odlo\u010dite za rezervacijo in vam potrdimo, da je prost termin, se za [&hellip;]\" \/>\n<meta property=\"og:url\" content=\"https:\/\/www.labellavista.eu\/de\/allgemeine-geschaftsbedingungen\/\" \/>\n<meta property=\"og:site_name\" content=\"La Bella Vista\" \/>\n<meta property=\"article:modified_time\" content=\"2025-02-26T06:21:43+00:00\" \/>\n<meta property=\"og:image\" content=\"https:\/\/www.labellavista.eu\/wp-content\/uploads\/2025\/02\/la-bella-vista-naslovna.jpg\" \/>\n\t<meta property=\"og:image:width\" content=\"1920\" \/>\n\t<meta property=\"og:image:height\" content=\"1223\" \/>\n\t<meta property=\"og:image:type\" content=\"image\/jpeg\" \/>\n<meta name=\"twitter:card\" content=\"summary_large_image\" \/>\n<meta name=\"twitter:label1\" content=\"Gesch\u00e4tzte Lesezeit\" \/>\n\t<meta name=\"twitter:data1\" content=\"2\u00a0Minuten\" \/>\n<script type=\"application\/ld+json\" class=\"yoast-schema-graph\">{\"@context\":\"https:\\\/\\\/schema.org\",\"@graph\":[{\"@type\":\"WebPage\",\"@id\":\"https:\\\/\\\/www.labellavista.eu\\\/splosni-pogoji\\\/\",\"url\":\"https:\\\/\\\/www.labellavista.eu\\\/splosni-pogoji\\\/\",\"name\":\"Splo\u0161ni pogoji - La Bella Vista\",\"isPartOf\":{\"@id\":\"https:\\\/\\\/www.labellavista.eu\\\/#website\"},\"datePublished\":\"2025-02-23T14:36:11+00:00\",\"dateModified\":\"2025-02-26T06:21:43+00:00\",\"breadcrumb\":{\"@id\":\"https:\\\/\\\/www.labellavista.eu\\\/splosni-pogoji\\\/#breadcrumb\"},\"inLanguage\":\"de\",\"potentialAction\":[{\"@type\":\"ReadAction\",\"target\":[\"https:\\\/\\\/www.labellavista.eu\\\/splosni-pogoji\\\/\"]}]},{\"@type\":\"BreadcrumbList\",\"@id\":\"https:\\\/\\\/www.labellavista.eu\\\/splosni-pogoji\\\/#breadcrumb\",\"itemListElement\":[{\"@type\":\"ListItem\",\"position\":1,\"name\":\"Home\",\"item\":\"https:\\\/\\\/www.labellavista.eu\\\/\"},{\"@type\":\"ListItem\",\"position\":2,\"name\":\"Splo\u0161ni pogoji\"}]},{\"@type\":\"WebSite\",\"@id\":\"https:\\\/\\\/www.labellavista.eu\\\/#website\",\"url\":\"https:\\\/\\\/www.labellavista.eu\\\/\",\"name\":\"La Bella Vista Apartmaji\",\"description\":\"Apartmaji z morskim razgledom nad Izolo\",\"publisher\":{\"@id\":\"https:\\\/\\\/www.labellavista.eu\\\/#organization\"},\"potentialAction\":[{\"@type\":\"SearchAction\",\"target\":{\"@type\":\"EntryPoint\",\"urlTemplate\":\"https:\\\/\\\/www.labellavista.eu\\\/?s={search_term_string}\"},\"query-input\":{\"@type\":\"PropertyValueSpecification\",\"valueRequired\":true,\"valueName\":\"search_term_string\"}}],\"inLanguage\":\"de\"},{\"@type\":\"Organization\",\"@id\":\"https:\\\/\\\/www.labellavista.eu\\\/#organization\",\"name\":\"La Bella Vista Apartmaji\",\"url\":\"https:\\\/\\\/www.labellavista.eu\\\/\",\"logo\":{\"@type\":\"ImageObject\",\"inLanguage\":\"de\",\"@id\":\"https:\\\/\\\/www.labellavista.eu\\\/#\\\/schema\\\/logo\\\/image\\\/\",\"url\":\"https:\\\/\\\/www.labellavista.eu\\\/wp-content\\\/uploads\\\/2025\\\/02\\\/logo-la-bella-vista-fav.jpg\",\"contentUrl\":\"https:\\\/\\\/www.labellavista.eu\\\/wp-content\\\/uploads\\\/2025\\\/02\\\/logo-la-bella-vista-fav.jpg\",\"width\":512,\"height\":512,\"caption\":\"La Bella Vista Apartmaji\"},\"image\":{\"@id\":\"https:\\\/\\\/www.labellavista.eu\\\/#\\\/schema\\\/logo\\\/image\\\/\"}}]}<\/script>\n<!-- \/ Yoast SEO plugin. -->","yoast_head_json":{"title":"Allgemeine Gesch\u00e4ftsbedingungen - La Bella Vista","robots":{"index":"index","follow":"follow","max-snippet":"max-snippet:-1","max-image-preview":"max-image-preview:large","max-video-preview":"max-video-preview:-1"},"canonical":"https:\/\/www.labellavista.eu\/de\/allgemeine-geschaftsbedingungen\/","og_locale":"de_DE","og_type":"article","og_title":"Splo\u0161ni pogoji - La Bella Vista","og_description":"Splo\u0161ni pogoji nakupa na spletni strani WWW.LABELLAVISTA.EU CENA Cena se dolo\u010di na podlagi va\u0161ega povpra\u0161evanja, glede na \u0161tevilo no\u010ditev, \u0161tevilo oseb, apartmaja in termina. Kon\u010dna cena se po\u0161lje po e-po\u0161ti z dopisom za rezervacijo. POSTOPEK SPREJEMA REZERVACIJ IN NA\u010cINI PLA\u010cILA V kolikor se odlo\u010dite za rezervacijo in vam potrdimo, da je prost termin, se za [&hellip;]","og_url":"https:\/\/www.labellavista.eu\/de\/allgemeine-geschaftsbedingungen\/","og_site_name":"La Bella Vista","article_modified_time":"2025-02-26T06:21:43+00:00","og_image":[{"width":1920,"height":1223,"url":"https:\/\/www.labellavista.eu\/wp-content\/uploads\/2025\/02\/la-bella-vista-naslovna.jpg","type":"image\/jpeg"}],"twitter_card":"summary_large_image","twitter_misc":{"Gesch\u00e4tzte Lesezeit":"2\u00a0Minuten"},"schema":{"@context":"https:\/\/schema.org","@graph":[{"@type":"WebPage","@id":"https:\/\/www.labellavista.eu\/splosni-pogoji\/","url":"https:\/\/www.labellavista.eu\/splosni-pogoji\/","name":"Allgemeine Gesch\u00e4ftsbedingungen - La Bella Vista","isPartOf":{"@id":"https:\/\/www.labellavista.eu\/#website"},"datePublished":"2025-02-23T14:36:11+00:00","dateModified":"2025-02-26T06:21:43+00:00","breadcrumb":{"@id":"https:\/\/www.labellavista.eu\/splosni-pogoji\/#breadcrumb"},"inLanguage":"de","potentialAction":[{"@type":"ReadAction","target":["https:\/\/www.labellavista.eu\/splosni-pogoji\/"]}]},{"@type":"BreadcrumbList","@id":"https:\/\/www.labellavista.eu\/splosni-pogoji\/#breadcrumb","itemListElement":[{"@type":"ListItem","position":1,"name":"Home","item":"https:\/\/www.labellavista.eu\/"},{"@type":"ListItem","position":2,"name":"Splo\u0161ni pogoji"}]},{"@type":"WebSite","@id":"https:\/\/www.labellavista.eu\/#website","url":"https:\/\/www.labellavista.eu\/","name":"La Bella Vista Apartmaji","description":"Apartmaji z morskim razgledom nad Izolo","publisher":{"@id":"https:\/\/www.labellavista.eu\/#organization"},"potentialAction":[{"@type":"SearchAction","target":{"@type":"EntryPoint","urlTemplate":"https:\/\/www.labellavista.eu\/?s={search_term_string}"},"query-input":{"@type":"PropertyValueSpecification","valueRequired":true,"valueName":"search_term_string"}}],"inLanguage":"de"},{"@type":"Organization","@id":"https:\/\/www.labellavista.eu\/#organization","name":"La Bella Vista Apartmaji","url":"https:\/\/www.labellavista.eu\/","logo":{"@type":"ImageObject","inLanguage":"de","@id":"https:\/\/www.labellavista.eu\/#\/schema\/logo\/image\/","url":"https:\/\/www.labellavista.eu\/wp-content\/uploads\/2025\/02\/logo-la-bella-vista-fav.jpg","contentUrl":"https:\/\/www.labellavista.eu\/wp-content\/uploads\/2025\/02\/logo-la-bella-vista-fav.jpg","width":512,"height":512,"caption":"La Bella Vista Apartmaji"},"image":{"@id":"https:\/\/www.labellavista.eu\/#\/schema\/logo\/image\/"}}]}},"taxonomy_info":[],"featured_image_src_large":false,"author_info":{"display_name":"La Bella Vista","author_link":"https:\/\/www.labellavista.eu\/de\/author\/op8r4t8r-w8b-mst8r\/"},"comment_info":"","_links":{"self":[{"href":"https:\/\/www.labellavista.eu\/de\/wp-json\/wp\/v2\/pages\/434","targetHints":{"allow":["GET"]}}],"collection":[{"href":"https:\/\/www.labellavista.eu\/de\/wp-json\/wp\/v2\/pages"}],"about":[{"href":"https:\/\/www.labellavista.eu\/de\/wp-json\/wp\/v2\/types\/page"}],"author":[{"embeddable":true,"href":"https:\/\/www.labellavista.eu\/de\/wp-json\/wp\/v2\/users\/1"}],"replies":[{"embeddable":true,"href":"https:\/\/www.labellavista.eu\/de\/wp-json\/wp\/v2\/comments?post=434"}],"version-history":[{"count":4,"href":"https:\/\/www.labellavista.eu\/de\/wp-json\/wp\/v2\/pages\/434\/revisions"}],"predecessor-version":[{"id":640,"href":"https:\/\/www.labellavista.eu\/de\/wp-json\/wp\/v2\/pages\/434\/revisions\/640"}],"wp:attachment":[{"href":"https:\/\/www.labellavista.eu\/de\/wp-json\/wp\/v2\/media?parent=434"}],"curies":[{"name":"wp","href":"https:\/\/api.w.org\/{rel}","templated":true}]}}