{"id":181,"date":"2025-02-21T13:15:59","date_gmt":"2025-02-21T12:15:59","guid":{"rendered":"https:\/\/www.labellavista.eu\/?page_id=181"},"modified":"2025-02-26T07:09:21","modified_gmt":"2025-02-26T06:09:21","slug":"cookies","status":"publish","type":"page","link":"https:\/\/www.labellavista.eu\/de\/piskotki\/","title":{"rendered":"Cookies"},"content":{"rendered":"<h3 class=\"wp-block-heading has-palette-color-1-color has-text-color has-link-color wp-elements-f69aaf5a880d20d43f87c338c9c99cc5\">Was sind Cookies?<\/h3>\n\n\n\n<p>Cookies sind kleine Informationsdateien, die vor\u00fcbergehend auf Ihrem Computer gespeichert werden, wenn Sie eine Website besuchen. Wenn Sie die Website erneut besuchen, verwenden sie den Browser, um sich Ihre Einstellungen zu \u201emerken\u201c, sodass Sie Ihren Benutzernamen und Ihr Passwort nicht erneut eingeben m\u00fcssen (z. B. dauerhaftes Anmelden bei Facebook oder einem bestimmten Forum).<\/p>\n\n\n\n<p>Cookies sind ein fester Bestandteil moderner Websites und an sich nicht sch\u00e4dlich, enthalten keine Viren oder sonstigen Schadcode. Der Hauptzweck von Cookies besteht darin, dass Webserver Ihren Computer und Webbrowser erkennen, die Website anpassen und f\u00fcr Benutzerfreundlichkeit und Geschwindigkeit sorgen.<\/p>\n\n\n\n<p>Cookies erm\u00f6glichen es Ihnen, die Informationen, die Sie suchen und an denen Sie interessiert sind, richtig anzuzeigen. Durch das Sammeln und Speichern von Informationen \u00fcber Ihre Website-Einstellungen mithilfe von Cookies k\u00f6nnen Website-Betreiber eine bessere Website bereitstellen. Cookies verschaffen dem Betreiber der Website keinen Zugriff auf den Computer und die auf diese Weise durch Cookies gesammelten Daten beinhalten keine personenbezogenen Daten.<\/p>\n\n\n\n<p>Wir verwenden SESSION COOKIES oder die Bed\u00fcrfnisse unserer Website. Diese sind f\u00fcr den Betrieb des Inhaltsbearbeitungs- und Anzeigesystems erforderlich und gew\u00e4hrleisten den ordnungsgem\u00e4\u00dfen Empfang elektronischer Nachrichten und Inhalte auf der Website. Cookies werden gel\u00f6scht, wenn der Benutzer die Website verl\u00e4sst.<\/p>\n\n\n\n<p><strong>Arten von Cookies<\/strong><\/p>\n\n\n\n<p>Das Office of the Information Commissioner verteilt Cookies haupts\u00e4chlich nach Invasivit\u00e4t:<\/p>\n\n\n\n<ul class=\"wp-block-list\">\n<li>Tempor\u00e4re oder Session-Cookies<\/li>\n\n\n\n<li>Persistente oder gespeicherte Cookies<\/li>\n\n\n\n<li>Eigene Cookies<\/li>\n\n\n\n<li>Andere Cookies<\/li>\n<\/ul>\n\n\n\n<p>Jede Art von Cookies wird in den Gesetzen und Richtlinien des Beauftragten unterschiedlich behandelt, was es Website-Eigent\u00fcmern und Webentwicklern erschwert, das Gesetz \u00fcber elektronische Kommunikation (ZEKom-1) einzuhalten, und vor allem erfordert, dass Datenschutzfragen behandelt werden Cookies im Detail zu lehren und ihre Webbesucher auf deren Verwendung aufmerksam zu machen. Im Fall von invasiveren Cookies m\u00fcssen sie jedoch die Zustimmung der Besucher zu ihrer Verwendung einholen.<\/p>\n\n\n\n<p><strong>Wie verwaltet man Cookies?<\/strong><\/p>\n\n\n\n<p>Die meisten Webbrowser erm\u00f6glichen es Ihnen, Ihre Cookies zu setzen. Sie k\u00f6nnen Cookies ablehnen oder sie mit einer Funktion akzeptieren, die bereits in Webbrowser integriert ist. Wenn Sie Cookies ablehnen, k\u00f6nnen Sie unsere Website zwar weiterhin nutzen, aber bestimmte Unterseiten funktionieren m\u00f6glicherweise nicht richtig.<\/p>\n\n\n\n<p>Wenn Sie wissen m\u00f6chten, wie Sie Cookies in Ihrem Browser l\u00f6schen k\u00f6nnen, verwenden Sie die Hilfefunktion Ihres Browsers.<\/p>\n\n\n\n<p>Alternativ k\u00f6nnen Sie&nbsp;<a href=\"http:\/\/www.aboutcookies.org\/\">www.aboutcookies.org<\/a>, besuchen, wo erkl\u00e4rt wird, wie Sie Cookies in den meisten Browsern einfach und unkompliziert verwalten oder l\u00f6schen k\u00f6nnen.<\/p>","protected":false},"excerpt":{"rendered":"<p>Kaj so to pi\u0161kotki? Pi\u0161kotki so majhne datoteke z informacijami, ki se za\u010dasno shranijo na va\u0161 ra\u010dunalnik ob obisku spletne strani. Ko spletno stran ponovno obi\u0161\u010dete si brskalnik z njihovo pomo\u010djo \u00bbzapomni\u00ab va\u0161e nastavitve in vam tako ni potrebno ponovno vpisovati va\u0161ega uporabni\u0161kega imena in gesla (npr. stalna prijava na Facebook ali na dolo\u010den forum). [&hellip;]<\/p>\n","protected":false},"author":1,"featured_media":0,"parent":0,"menu_order":0,"comment_status":"closed","ping_status":"closed","template":"","meta":{"_kad_blocks_custom_css":"","_kad_blocks_head_custom_js":"","_kad_blocks_body_custom_js":"","_kad_blocks_footer_custom_js":"","_kadence_starter_templates_imported_post":false,"footnotes":""},"class_list":["post-181","page","type-page","status-publish","hentry"],"blocksy_meta":[],"yoast_head":"<!-- This site is optimized with the Yoast SEO plugin v27.4 - https:\/\/yoast.com\/product\/yoast-seo-wordpress\/ -->\n<title>Pi\u0161kotki - La Bella Vista<\/title>\n<meta name=\"robots\" content=\"index, follow, max-snippet:-1, max-image-preview:large, max-video-preview:-1\" \/>\n<link rel=\"canonical\" href=\"https:\/\/www.labellavista.eu\/de\/cookies\/\" \/>\n<meta property=\"og:locale\" content=\"de_DE\" \/>\n<meta property=\"og:type\" content=\"article\" \/>\n<meta property=\"og:title\" content=\"Pi\u0161kotki - La Bella Vista\" \/>\n<meta property=\"og:description\" content=\"Kaj so to pi\u0161kotki? Pi\u0161kotki so majhne datoteke z informacijami, ki se za\u010dasno shranijo na va\u0161 ra\u010dunalnik ob obisku spletne strani. Ko spletno stran ponovno obi\u0161\u010dete si brskalnik z njihovo pomo\u010djo \u00bbzapomni\u00ab va\u0161e nastavitve in vam tako ni potrebno ponovno vpisovati va\u0161ega uporabni\u0161kega imena in gesla (npr. stalna prijava na Facebook ali na dolo\u010den forum). [&hellip;]\" \/>\n<meta property=\"og:url\" content=\"https:\/\/www.labellavista.eu\/de\/cookies\/\" \/>\n<meta property=\"og:site_name\" content=\"La Bella Vista\" \/>\n<meta property=\"article:modified_time\" content=\"2025-02-26T06:09:21+00:00\" \/>\n<meta property=\"og:image\" content=\"https:\/\/www.labellavista.eu\/wp-content\/uploads\/2025\/02\/la-bella-vista-naslovna.jpg\" \/>\n\t<meta property=\"og:image:width\" content=\"1920\" \/>\n\t<meta property=\"og:image:height\" content=\"1223\" \/>\n\t<meta property=\"og:image:type\" content=\"image\/jpeg\" \/>\n<meta name=\"twitter:card\" content=\"summary_large_image\" \/>\n<meta name=\"twitter:label1\" content=\"Gesch\u00e4tzte Lesezeit\" \/>\n\t<meta name=\"twitter:data1\" content=\"2\u00a0Minuten\" \/>\n<script type=\"application\/ld+json\" class=\"yoast-schema-graph\">{\"@context\":\"https:\\\/\\\/schema.org\",\"@graph\":[{\"@type\":\"WebPage\",\"@id\":\"https:\\\/\\\/www.labellavista.eu\\\/piskotki\\\/\",\"url\":\"https:\\\/\\\/www.labellavista.eu\\\/piskotki\\\/\",\"name\":\"Pi\u0161kotki - La Bella Vista\",\"isPartOf\":{\"@id\":\"https:\\\/\\\/www.labellavista.eu\\\/#website\"},\"datePublished\":\"2025-02-21T12:15:59+00:00\",\"dateModified\":\"2025-02-26T06:09:21+00:00\",\"breadcrumb\":{\"@id\":\"https:\\\/\\\/www.labellavista.eu\\\/piskotki\\\/#breadcrumb\"},\"inLanguage\":\"de\",\"potentialAction\":[{\"@type\":\"ReadAction\",\"target\":[\"https:\\\/\\\/www.labellavista.eu\\\/piskotki\\\/\"]}]},{\"@type\":\"BreadcrumbList\",\"@id\":\"https:\\\/\\\/www.labellavista.eu\\\/piskotki\\\/#breadcrumb\",\"itemListElement\":[{\"@type\":\"ListItem\",\"position\":1,\"name\":\"Home\",\"item\":\"https:\\\/\\\/www.labellavista.eu\\\/\"},{\"@type\":\"ListItem\",\"position\":2,\"name\":\"Pi\u0161kotki\"}]},{\"@type\":\"WebSite\",\"@id\":\"https:\\\/\\\/www.labellavista.eu\\\/#website\",\"url\":\"https:\\\/\\\/www.labellavista.eu\\\/\",\"name\":\"La Bella Vista Apartmaji\",\"description\":\"Apartmaji z morskim razgledom nad Izolo\",\"publisher\":{\"@id\":\"https:\\\/\\\/www.labellavista.eu\\\/#organization\"},\"potentialAction\":[{\"@type\":\"SearchAction\",\"target\":{\"@type\":\"EntryPoint\",\"urlTemplate\":\"https:\\\/\\\/www.labellavista.eu\\\/?s={search_term_string}\"},\"query-input\":{\"@type\":\"PropertyValueSpecification\",\"valueRequired\":true,\"valueName\":\"search_term_string\"}}],\"inLanguage\":\"de\"},{\"@type\":\"Organization\",\"@id\":\"https:\\\/\\\/www.labellavista.eu\\\/#organization\",\"name\":\"La Bella Vista Apartmaji\",\"url\":\"https:\\\/\\\/www.labellavista.eu\\\/\",\"logo\":{\"@type\":\"ImageObject\",\"inLanguage\":\"de\",\"@id\":\"https:\\\/\\\/www.labellavista.eu\\\/#\\\/schema\\\/logo\\\/image\\\/\",\"url\":\"https:\\\/\\\/www.labellavista.eu\\\/wp-content\\\/uploads\\\/2025\\\/02\\\/logo-la-bella-vista-fav.jpg\",\"contentUrl\":\"https:\\\/\\\/www.labellavista.eu\\\/wp-content\\\/uploads\\\/2025\\\/02\\\/logo-la-bella-vista-fav.jpg\",\"width\":512,\"height\":512,\"caption\":\"La Bella Vista Apartmaji\"},\"image\":{\"@id\":\"https:\\\/\\\/www.labellavista.eu\\\/#\\\/schema\\\/logo\\\/image\\\/\"}}]}<\/script>\n<!-- \/ Yoast SEO plugin. -->","yoast_head_json":{"title":"Cookies - La Bella Vista","robots":{"index":"index","follow":"follow","max-snippet":"max-snippet:-1","max-image-preview":"max-image-preview:large","max-video-preview":"max-video-preview:-1"},"canonical":"https:\/\/www.labellavista.eu\/de\/cookies\/","og_locale":"de_DE","og_type":"article","og_title":"Pi\u0161kotki - La Bella Vista","og_description":"Kaj so to pi\u0161kotki? Pi\u0161kotki so majhne datoteke z informacijami, ki se za\u010dasno shranijo na va\u0161 ra\u010dunalnik ob obisku spletne strani. Ko spletno stran ponovno obi\u0161\u010dete si brskalnik z njihovo pomo\u010djo \u00bbzapomni\u00ab va\u0161e nastavitve in vam tako ni potrebno ponovno vpisovati va\u0161ega uporabni\u0161kega imena in gesla (npr. stalna prijava na Facebook ali na dolo\u010den forum). [&hellip;]","og_url":"https:\/\/www.labellavista.eu\/de\/cookies\/","og_site_name":"La Bella Vista","article_modified_time":"2025-02-26T06:09:21+00:00","og_image":[{"width":1920,"height":1223,"url":"https:\/\/www.labellavista.eu\/wp-content\/uploads\/2025\/02\/la-bella-vista-naslovna.jpg","type":"image\/jpeg"}],"twitter_card":"summary_large_image","twitter_misc":{"Gesch\u00e4tzte Lesezeit":"2\u00a0Minuten"},"schema":{"@context":"https:\/\/schema.org","@graph":[{"@type":"WebPage","@id":"https:\/\/www.labellavista.eu\/piskotki\/","url":"https:\/\/www.labellavista.eu\/piskotki\/","name":"Cookies - La Bella Vista","isPartOf":{"@id":"https:\/\/www.labellavista.eu\/#website"},"datePublished":"2025-02-21T12:15:59+00:00","dateModified":"2025-02-26T06:09:21+00:00","breadcrumb":{"@id":"https:\/\/www.labellavista.eu\/piskotki\/#breadcrumb"},"inLanguage":"de","potentialAction":[{"@type":"ReadAction","target":["https:\/\/www.labellavista.eu\/piskotki\/"]}]},{"@type":"BreadcrumbList","@id":"https:\/\/www.labellavista.eu\/piskotki\/#breadcrumb","itemListElement":[{"@type":"ListItem","position":1,"name":"Home","item":"https:\/\/www.labellavista.eu\/"},{"@type":"ListItem","position":2,"name":"Pi\u0161kotki"}]},{"@type":"WebSite","@id":"https:\/\/www.labellavista.eu\/#website","url":"https:\/\/www.labellavista.eu\/","name":"La Bella Vista Apartmaji","description":"Apartmaji z morskim razgledom nad Izolo","publisher":{"@id":"https:\/\/www.labellavista.eu\/#organization"},"potentialAction":[{"@type":"SearchAction","target":{"@type":"EntryPoint","urlTemplate":"https:\/\/www.labellavista.eu\/?s={search_term_string}"},"query-input":{"@type":"PropertyValueSpecification","valueRequired":true,"valueName":"search_term_string"}}],"inLanguage":"de"},{"@type":"Organization","@id":"https:\/\/www.labellavista.eu\/#organization","name":"La Bella Vista Apartmaji","url":"https:\/\/www.labellavista.eu\/","logo":{"@type":"ImageObject","inLanguage":"de","@id":"https:\/\/www.labellavista.eu\/#\/schema\/logo\/image\/","url":"https:\/\/www.labellavista.eu\/wp-content\/uploads\/2025\/02\/logo-la-bella-vista-fav.jpg","contentUrl":"https:\/\/www.labellavista.eu\/wp-content\/uploads\/2025\/02\/logo-la-bella-vista-fav.jpg","width":512,"height":512,"caption":"La Bella Vista Apartmaji"},"image":{"@id":"https:\/\/www.labellavista.eu\/#\/schema\/logo\/image\/"}}]}},"taxonomy_info":[],"featured_image_src_large":false,"author_info":{"display_name":"La Bella Vista","author_link":"https:\/\/www.labellavista.eu\/de\/author\/op8r4t8r-w8b-mst8r\/"},"comment_info":"","_links":{"self":[{"href":"https:\/\/www.labellavista.eu\/de\/wp-json\/wp\/v2\/pages\/181","targetHints":{"allow":["GET"]}}],"collection":[{"href":"https:\/\/www.labellavista.eu\/de\/wp-json\/wp\/v2\/pages"}],"about":[{"href":"https:\/\/www.labellavista.eu\/de\/wp-json\/wp\/v2\/types\/page"}],"author":[{"embeddable":true,"href":"https:\/\/www.labellavista.eu\/de\/wp-json\/wp\/v2\/users\/1"}],"replies":[{"embeddable":true,"href":"https:\/\/www.labellavista.eu\/de\/wp-json\/wp\/v2\/comments?post=181"}],"version-history":[{"count":3,"href":"https:\/\/www.labellavista.eu\/de\/wp-json\/wp\/v2\/pages\/181\/revisions"}],"predecessor-version":[{"id":638,"href":"https:\/\/www.labellavista.eu\/de\/wp-json\/wp\/v2\/pages\/181\/revisions\/638"}],"wp:attachment":[{"href":"https:\/\/www.labellavista.eu\/de\/wp-json\/wp\/v2\/media?parent=181"}],"curies":[{"name":"wp","href":"https:\/\/api.w.org\/{rel}","templated":true}]}}